{"id":8015,"date":"2021-09-20T16:48:06","date_gmt":"2021-09-20T19:48:06","guid":{"rendered":"https:\/\/ecoyambiente.com\/tienda\/?post_type=product&#038;p=8015"},"modified":"2022-08-30T11:42:58","modified_gmt":"2022-08-30T14:42:58","slug":"porta-cebos-granulados-hormiguicidas-folidol","status":"publish","type":"product","link":"https:\/\/ecoyambiente.com\/?product=porta-cebos-granulados-hormiguicidas-folidol","title":{"rendered":"Porta Cebos Granulados Hormiguicidas &#8211; FOLIDOL"},"content":{"rendered":"<p>Protege al cebo de la humedad, lluvia, roc\u00edo, viento, etc.<\/p>\n<p>Mayor ahorro de cebo, el mismo permanece activo por mucho tiempo (no as\u00ed en el suelo)<\/p>\n<p>Posee el tama\u00f1o y la dosis justa a aplicar.<\/p>\n<p>Las estacas brindan seguridad en presencia de ni\u00f1os y mascotas.<\/p>\n<p>Fabricada con un pl\u00e1stico muy resistente al sol (cuerpo y estaca).<\/p>\n<p><em><strong>TIPS:<\/strong><\/em><\/p>\n<p>Colocar la estaca de manera tal que quede pr\u00f3xima al suelo.<\/p>\n<p>Cuando se agrega el cebo, hacerlo directamente desde el envase, no tocar con la mano para no transmitir un olor ajeno al mismo<\/p>\n<p>No colocarlo en la boca del hormiguero &#8211; No colocarlo en el camino de las hormigas<\/p>\n<p><span style=\"color: #ff0000\"><strong>\/\/\/ PRECIO UNITARIO $80,00 c\/u \/\/\/ compra m\u00ednima 5 porta cebos \/\/\/<\/strong><\/span><\/p>\n<h3>Video instructivo:<\/h3>\n<div class=\"embed-responsive embed-responsive-16by9\"><iframe loading=\"lazy\" title=\"Estacas porta cebo para hormigas FOLIDOL\" width=\"1140\" height=\"641\" src=\"https:\/\/www.youtube.com\/embed\/gglUtLH769Q?start=1&#038;feature=oembed\" frameborder=\"0\" allow=\"accelerometer; autoplay; clipboard-write; encrypted-media; gyroscope; picture-in-picture\" allowfullscreen><\/iframe><\/div>\n<p>&nbsp;<\/p>\n<p>&nbsp;<\/p>\n<p>&nbsp;<\/p>\n","protected":false},"excerpt":{"rendered":"<p>Protege al cebo de la humedad, lluvia, roc\u00edo, viento, etc. Mayor ahorro de cebo, el mismo permanece activo por mucho tiempo (no as\u00ed en el suelo) Posee el tama\u00f1o y la dosis justa a aplicar. Las estacas brindan seguridad en presencia de ni\u00f1os y mascotas. Fabricada con un pl\u00e1stico muy resistente al sol (cuerpo y [&hellip;]<\/p>\n","protected":false},"featured_media":8016,"template":"","meta":[],"product_brand":[],"product_cat":[3157],"product_tag":[],"class_list":{"0":"post-8015","1":"product","2":"type-product","3":"status-publish","4":"has-post-thumbnail","6":"product_cat-accesorios-de-jardineria","8":"first","9":"outofstock","10":"shipping-taxable","11":"purchasable","12":"product-type-simple"},"acf":[],"_links":{"self":[{"href":"https:\/\/ecoyambiente.com\/index.php?rest_route=\/wp\/v2\/product\/8015","targetHints":{"allow":["GET"]}}],"collection":[{"href":"https:\/\/ecoyambiente.com\/index.php?rest_route=\/wp\/v2\/product"}],"about":[{"href":"https:\/\/ecoyambiente.com\/index.php?rest_route=\/wp\/v2\/types\/product"}],"wp:featuredmedia":[{"embeddable":true,"href":"https:\/\/ecoyambiente.com\/index.php?rest_route=\/wp\/v2\/media\/8016"}],"wp:attachment":[{"href":"https:\/\/ecoyambiente.com\/index.php?rest_route=%2Fwp%2Fv2%2Fmedia&parent=8015"}],"wp:term":[{"taxonomy":"product_brand","embeddable":true,"href":"https:\/\/ecoyambiente.com\/index.php?rest_route=%2Fwp%2Fv2%2Fproduct_brand&post=8015"},{"taxonomy":"product_cat","embeddable":true,"href":"https:\/\/ecoyambiente.com\/index.php?rest_route=%2Fwp%2Fv2%2Fproduct_cat&post=8015"},{"taxonomy":"product_tag","embeddable":true,"href":"https:\/\/ecoyambiente.com\/index.php?rest_route=%2Fwp%2Fv2%2Fproduct_tag&post=8015"}],"curies":[{"name":"wp","href":"https:\/\/api.w.org\/{rel}","templated":true}]}}