{"id":7954,"date":"2021-09-09T17:02:33","date_gmt":"2021-09-09T20:02:33","guid":{"rendered":"https:\/\/ecoyambiente.com\/tienda\/?post_type=product&#038;p=7954"},"modified":"2022-08-30T11:46:24","modified_gmt":"2022-08-30T14:46:24","slug":"jabon-potasico-x-250-cc-funguicida-e-insecticida-no-toxico","status":"publish","type":"product","link":"https:\/\/ecoyambiente.com\/?product=jabon-potasico-x-250-cc-funguicida-e-insecticida-no-toxico","title":{"rendered":"Jab\u00f3n Pot\u00e1sico x 250 cc &#8211; funguicida e insecticida, no t\u00f3xico"},"content":{"rendered":"<p>Act\u00faa en forma mec\u00e1nica no qu\u00edmica sobre los insectos, eliminando su capa protectora (exoesqueleto). Aporta nutrientes a las ra\u00edces. Elimina distintos tipos de hongos. Libre de Agroqu\u00edmicos.<\/p>\n<p><strong>Usos<\/strong><br \/>\nCultivo de hortalizas, frutales y plantas ornamentales bajo pl\u00e1stico y aire libre.<\/p>\n<p><strong>Recomendaci\u00f3n<\/strong><br \/>\nUtilizar combinado con el Aceite de Neem y Aceite de Canela<\/p>\n<p><strong>Presentaci\u00f3n<\/strong><br \/>\n250 cc.<\/p>\n","protected":false},"excerpt":{"rendered":"<p>Act\u00faa en forma mec\u00e1nica no qu\u00edmica sobre los insectos, eliminando su capa protectora (exoesqueleto). Aporta nutrientes a las ra\u00edces. Elimina distintos tipos de hongos. Libre de Agroqu\u00edmicos. Usos Cultivo de hortalizas, frutales y plantas ornamentales bajo pl\u00e1stico y aire libre. Recomendaci\u00f3n Utilizar combinado con el Aceite de Neem y Aceite de Canela Presentaci\u00f3n 250 cc.<\/p>\n","protected":false},"featured_media":7913,"template":"","meta":[],"product_brand":[],"product_cat":[3249,3161],"product_tag":[3185,3177,3183,3184],"class_list":{"0":"post-7954","1":"product","2":"type-product","3":"status-publish","4":"has-post-thumbnail","6":"product_cat-funguicida","7":"product_cat-insecticidas-ecologicos","8":"product_tag-funguicida","9":"product_tag-insecticida","10":"product_tag-jabon","11":"product_tag-potasico","13":"first","14":"outofstock","15":"shipping-taxable","16":"purchasable","17":"product-type-simple"},"acf":[],"_links":{"self":[{"href":"https:\/\/ecoyambiente.com\/index.php?rest_route=\/wp\/v2\/product\/7954","targetHints":{"allow":["GET"]}}],"collection":[{"href":"https:\/\/ecoyambiente.com\/index.php?rest_route=\/wp\/v2\/product"}],"about":[{"href":"https:\/\/ecoyambiente.com\/index.php?rest_route=\/wp\/v2\/types\/product"}],"wp:featuredmedia":[{"embeddable":true,"href":"https:\/\/ecoyambiente.com\/index.php?rest_route=\/wp\/v2\/media\/7913"}],"wp:attachment":[{"href":"https:\/\/ecoyambiente.com\/index.php?rest_route=%2Fwp%2Fv2%2Fmedia&parent=7954"}],"wp:term":[{"taxonomy":"product_brand","embeddable":true,"href":"https:\/\/ecoyambiente.com\/index.php?rest_route=%2Fwp%2Fv2%2Fproduct_brand&post=7954"},{"taxonomy":"product_cat","embeddable":true,"href":"https:\/\/ecoyambiente.com\/index.php?rest_route=%2Fwp%2Fv2%2Fproduct_cat&post=7954"},{"taxonomy":"product_tag","embeddable":true,"href":"https:\/\/ecoyambiente.com\/index.php?rest_route=%2Fwp%2Fv2%2Fproduct_tag&post=7954"}],"curies":[{"name":"wp","href":"https:\/\/api.w.org\/{rel}","templated":true}]}}