{"id":7880,"date":"2021-09-03T01:05:37","date_gmt":"2021-09-03T04:05:37","guid":{"rendered":"https:\/\/ecoyambiente.com\/tienda\/?post_type=product&#038;p=7880"},"modified":"2022-08-30T11:48:58","modified_gmt":"2022-08-30T14:48:58","slug":"repelente-natural-de-perros-y-gatos-wau-en-aerosol","status":"publish","type":"product","link":"https:\/\/ecoyambiente.com\/?product=repelente-natural-de-perros-y-gatos-wau-en-aerosol","title":{"rendered":"Repelente Natural de Perros y Gatos Wau! en aerosol"},"content":{"rendered":"<p>Wau!\u00ae Aerosol permite modificar la conducta de perros y gatos con el fin que los mismos no hagan sus deposiciones, l\u00edquidas o s\u00f3lidas, en sitios inadecuados.<\/p>\n<p>Wau!\u00ae Aerosol basa su efectividad en su instant\u00e1nea acci\u00f3n sobre la mucosa olfativa del animal, generando, sin da\u00f1arlo, una irritaci\u00f3n pasajera que quedar\u00e1 en la memoria receptiva del animal.<\/p>\n<p>Producto no t\u00f3xico para las mascotas.<\/p>\n","protected":false},"excerpt":{"rendered":"<p>Wau!\u00ae Aerosol permite modificar la conducta de perros y gatos con el fin que los mismos no hagan sus deposiciones, l\u00edquidas o s\u00f3lidas, en sitios inadecuados. Wau!\u00ae Aerosol basa su efectividad en su instant\u00e1nea acci\u00f3n sobre la mucosa olfativa del animal, generando, sin da\u00f1arlo, una irritaci\u00f3n pasajera que quedar\u00e1 en la memoria receptiva del animal. [&hellip;]<\/p>\n","protected":false},"featured_media":7884,"template":"","meta":[],"product_brand":[],"product_cat":[3165],"product_tag":[3199,3247,3246,3182,3245],"class_list":{"0":"post-7880","1":"product","2":"type-product","3":"status-publish","4":"has-post-thumbnail","6":"product_cat-repelentes","7":"product_tag-aerosol","8":"product_tag-gatos","9":"product_tag-perros","10":"product_tag-repelente","11":"product_tag-wau","13":"first","14":"outofstock","15":"shipping-taxable","16":"purchasable","17":"product-type-simple"},"acf":[],"_links":{"self":[{"href":"https:\/\/ecoyambiente.com\/index.php?rest_route=\/wp\/v2\/product\/7880","targetHints":{"allow":["GET"]}}],"collection":[{"href":"https:\/\/ecoyambiente.com\/index.php?rest_route=\/wp\/v2\/product"}],"about":[{"href":"https:\/\/ecoyambiente.com\/index.php?rest_route=\/wp\/v2\/types\/product"}],"wp:featuredmedia":[{"embeddable":true,"href":"https:\/\/ecoyambiente.com\/index.php?rest_route=\/wp\/v2\/media\/7884"}],"wp:attachment":[{"href":"https:\/\/ecoyambiente.com\/index.php?rest_route=%2Fwp%2Fv2%2Fmedia&parent=7880"}],"wp:term":[{"taxonomy":"product_brand","embeddable":true,"href":"https:\/\/ecoyambiente.com\/index.php?rest_route=%2Fwp%2Fv2%2Fproduct_brand&post=7880"},{"taxonomy":"product_cat","embeddable":true,"href":"https:\/\/ecoyambiente.com\/index.php?rest_route=%2Fwp%2Fv2%2Fproduct_cat&post=7880"},{"taxonomy":"product_tag","embeddable":true,"href":"https:\/\/ecoyambiente.com\/index.php?rest_route=%2Fwp%2Fv2%2Fproduct_tag&post=7880"}],"curies":[{"name":"wp","href":"https:\/\/api.w.org\/{rel}","templated":true}]}}