{"id":7878,"date":"2021-09-03T01:05:04","date_gmt":"2021-09-03T04:05:04","guid":{"rendered":"https:\/\/ecoyambiente.com\/tienda\/?post_type=product&#038;p=7878"},"modified":"2022-08-30T11:49:34","modified_gmt":"2022-08-30T14:49:34","slug":"repelente-de-palomas-y-aves-en-aerosol","status":"publish","type":"product","link":"https:\/\/ecoyambiente.com\/?product=repelente-de-palomas-y-aves-en-aerosol","title":{"rendered":"Repelente de Palomas y Aves en aerosol"},"content":{"rendered":"<p>Aerobird es un pr\u00e1ctico y seguro dispositivo, que permite ahuyentar todo tipo de aves, de manera f\u00e1cil, segura y efectiva tanto en interiores como en exteriores.<br \/>\nAerobird tiene una formulaci\u00f3n, con ingredientes activos e inertes biodegradables (aceites naturales de categor\u00eda alimenticia), que resulta segura para el medio ambiente, sin perjudicar la salud de las aves, animales dom\u00e9sticos ni la del ser humano, tampoco deteriora el mobiliario, estructuras, etc.<\/p>\n<p>Producto no t\u00f3xico.<\/p>\n","protected":false},"excerpt":{"rendered":"<p>Aerobird es un pr\u00e1ctico y seguro dispositivo, que permite ahuyentar todo tipo de aves, de manera f\u00e1cil, segura y efectiva tanto en interiores como en exteriores. Aerobird tiene una formulaci\u00f3n, con ingredientes activos e inertes biodegradables (aceites naturales de categor\u00eda alimenticia), que resulta segura para el medio ambiente, sin perjudicar la salud de las aves, [&hellip;]<\/p>\n","protected":false},"featured_media":7882,"template":"","meta":[],"product_brand":[],"product_cat":[3165],"product_tag":[3241,3199,3240,3242,3182],"class_list":{"0":"post-7878","1":"product","2":"type-product","3":"status-publish","4":"has-post-thumbnail","6":"product_cat-repelentes","7":"product_tag-aerobird","8":"product_tag-aerosol","9":"product_tag-aves","10":"product_tag-palomas","11":"product_tag-repelente","13":"first","14":"outofstock","15":"shipping-taxable","16":"purchasable","17":"product-type-simple"},"acf":[],"_links":{"self":[{"href":"https:\/\/ecoyambiente.com\/index.php?rest_route=\/wp\/v2\/product\/7878","targetHints":{"allow":["GET"]}}],"collection":[{"href":"https:\/\/ecoyambiente.com\/index.php?rest_route=\/wp\/v2\/product"}],"about":[{"href":"https:\/\/ecoyambiente.com\/index.php?rest_route=\/wp\/v2\/types\/product"}],"wp:featuredmedia":[{"embeddable":true,"href":"https:\/\/ecoyambiente.com\/index.php?rest_route=\/wp\/v2\/media\/7882"}],"wp:attachment":[{"href":"https:\/\/ecoyambiente.com\/index.php?rest_route=%2Fwp%2Fv2%2Fmedia&parent=7878"}],"wp:term":[{"taxonomy":"product_brand","embeddable":true,"href":"https:\/\/ecoyambiente.com\/index.php?rest_route=%2Fwp%2Fv2%2Fproduct_brand&post=7878"},{"taxonomy":"product_cat","embeddable":true,"href":"https:\/\/ecoyambiente.com\/index.php?rest_route=%2Fwp%2Fv2%2Fproduct_cat&post=7878"},{"taxonomy":"product_tag","embeddable":true,"href":"https:\/\/ecoyambiente.com\/index.php?rest_route=%2Fwp%2Fv2%2Fproduct_tag&post=7878"}],"curies":[{"name":"wp","href":"https:\/\/api.w.org\/{rel}","templated":true}]}}