{"id":7877,"date":"2021-09-03T01:05:05","date_gmt":"2021-09-03T04:05:05","guid":{"rendered":"https:\/\/ecoyambiente.com\/tienda\/?post_type=product&#038;p=7877"},"modified":"2022-08-30T11:49:22","modified_gmt":"2022-08-30T14:49:22","slug":"repelente-de-mamiferos-roedores-y-reptiles-ex-dr-rata","status":"publish","type":"product","link":"https:\/\/ecoyambiente.com\/?product=repelente-de-mamiferos-roedores-y-reptiles-ex-dr-rata","title":{"rendered":"Repelente de Mam\u00edferos, Roedores y Reptiles (ex Dr Rata)"},"content":{"rendered":"<p>El Repelente es un producto espec\u00edficamente desarrollado con la m\u00e1s moderna tecnolog\u00eda destinado a modificar h\u00e1bitos alimenticios y destructivos de animales vertebrado que afectan: viviendas,\u00a0 bauleras, dep\u00f3sitos, galpones, \u00e1reas cultivadas, contenedores de bolsas para almacenaje de granos y forrajes, silos, cultivos, forestales, generando cuantiosas p\u00e9rdidas econ\u00f3micas.<\/p>\n<p>Producto no t\u00f3xico.<\/p>\n","protected":false},"excerpt":{"rendered":"<p>El Repelente es un producto espec\u00edficamente desarrollado con la m\u00e1s moderna tecnolog\u00eda destinado a modificar h\u00e1bitos alimenticios y destructivos de animales vertebrado que afectan: viviendas,\u00a0 bauleras, dep\u00f3sitos, galpones, \u00e1reas cultivadas, contenedores de bolsas para almacenaje de granos y forrajes, silos, cultivos, forestales, generando cuantiosas p\u00e9rdidas econ\u00f3micas. Producto no t\u00f3xico.<\/p>\n","protected":false},"featured_media":7881,"template":"","meta":[],"product_brand":[],"product_cat":[3165],"product_tag":[3213,3209,3182,3208,3210],"class_list":{"0":"post-7877","1":"product","2":"type-product","3":"status-publish","4":"has-post-thumbnail","6":"product_cat-repelentes","7":"product_tag-dr-rata","8":"product_tag-mamiferos","9":"product_tag-repelente","10":"product_tag-reptiles","11":"product_tag-roedores","13":"first","14":"outofstock","15":"shipping-taxable","16":"purchasable","17":"product-type-simple"},"acf":[],"_links":{"self":[{"href":"https:\/\/ecoyambiente.com\/index.php?rest_route=\/wp\/v2\/product\/7877","targetHints":{"allow":["GET"]}}],"collection":[{"href":"https:\/\/ecoyambiente.com\/index.php?rest_route=\/wp\/v2\/product"}],"about":[{"href":"https:\/\/ecoyambiente.com\/index.php?rest_route=\/wp\/v2\/types\/product"}],"wp:featuredmedia":[{"embeddable":true,"href":"https:\/\/ecoyambiente.com\/index.php?rest_route=\/wp\/v2\/media\/7881"}],"wp:attachment":[{"href":"https:\/\/ecoyambiente.com\/index.php?rest_route=%2Fwp%2Fv2%2Fmedia&parent=7877"}],"wp:term":[{"taxonomy":"product_brand","embeddable":true,"href":"https:\/\/ecoyambiente.com\/index.php?rest_route=%2Fwp%2Fv2%2Fproduct_brand&post=7877"},{"taxonomy":"product_cat","embeddable":true,"href":"https:\/\/ecoyambiente.com\/index.php?rest_route=%2Fwp%2Fv2%2Fproduct_cat&post=7877"},{"taxonomy":"product_tag","embeddable":true,"href":"https:\/\/ecoyambiente.com\/index.php?rest_route=%2Fwp%2Fv2%2Fproduct_tag&post=7877"}],"curies":[{"name":"wp","href":"https:\/\/api.w.org\/{rel}","templated":true}]}}