{"id":7815,"date":"2021-08-27T12:01:34","date_gmt":"2021-08-27T15:01:34","guid":{"rendered":"https:\/\/ecoyambiente.com\/tienda\/?post_type=product&#038;p=7815"},"modified":"2022-08-30T11:50:40","modified_gmt":"2022-08-30T14:50:40","slug":"tierra-de-diatomeas-x-5-kg","status":"publish","type":"product","link":"https:\/\/ecoyambiente.com\/?product=tierra-de-diatomeas-x-5-kg","title":{"rendered":"Tierra de Diatomeas micronizadas x 5 kg (2 bolsas de 2,5kg c\/u)"},"content":{"rendered":"<p>Tierra de Diatomeas Micronizadas, puras 100% &#8211; Polvo Diluible<\/p>\n<ul>\n<li>Las diatomeas est\u00e1n formadas por algas fosilizadas y aproximadamente 38 minerales, sobre todo el S\u00edlice bueno.<\/li>\n<li>Act\u00faa sobre los insectos en forma f\u00edsica y no qu\u00edmica.<\/li>\n<li>Se utiliza por pulverizaci\u00f3n sobre los cultivos o espolvoreando alrededor del tallo\/tronco.<\/li>\n<li>Mezclada en el sustrato, aportar\u00e1 minerales al suelo mejor\u00e1ndolo y a las plantas.<\/li>\n<\/ul>\n<p><strong>Propiedades<\/strong><br \/>\nInsecticida libre de agroqu\u00edmicos, fertilizante org\u00e1nico, mejorador del suelo. Absorbente de micro-toxinas y olores.<\/p>\n<p><strong>Controla<\/strong><\/p>\n<p>Ara\u00f1uela roja, bichos bolita, chinches, cochinillas, cucarachas, hormigas, garrapatas, mosca blanca, piojos, piojillos (en criaderos), pulgas, pulgones, trips, plagas rastreras, voladores x contacto, entre otros.<\/p>\n<p><strong>Uso<\/strong><br \/>\nHogare\u00f1o, jardines, frutales, huertas, criaderos, aviarios, sobre las mascotas y animales de campo, instalaciones, etc.<\/p>\n<p><strong>Presentaci\u00f3n<\/strong><br \/>\n5 kg (2 bolsas de 2,5 c\/u)<\/p>\n","protected":false},"excerpt":{"rendered":"<p>Tierra de Diatomeas Micronizadas, puras 100% &#8211; Polvo Diluible Las diatomeas est\u00e1n formadas por algas fosilizadas y aproximadamente 38 minerales, sobre todo el S\u00edlice bueno. Act\u00faa sobre los insectos en forma f\u00edsica y no qu\u00edmica. Se utiliza por pulverizaci\u00f3n sobre los cultivos o espolvoreando alrededor del tallo\/tronco. Mezclada en el sustrato, aportar\u00e1 minerales al suelo [&hellip;]<\/p>\n","protected":false},"featured_media":7972,"template":"","meta":[],"product_brand":[],"product_cat":[3203,3161,3164],"product_tag":[3175,3176],"class_list":{"0":"post-7815","1":"product","2":"type-product","3":"status-publish","4":"has-post-thumbnail","6":"product_cat-fertilizantes-organicos","7":"product_cat-insecticidas-ecologicos","8":"product_cat-insecticidas-para-hormigas","9":"product_tag-diatomeas","10":"product_tag-tierra","12":"first","13":"outofstock","14":"shipping-taxable","15":"purchasable","16":"product-type-simple"},"acf":[],"_links":{"self":[{"href":"https:\/\/ecoyambiente.com\/index.php?rest_route=\/wp\/v2\/product\/7815","targetHints":{"allow":["GET"]}}],"collection":[{"href":"https:\/\/ecoyambiente.com\/index.php?rest_route=\/wp\/v2\/product"}],"about":[{"href":"https:\/\/ecoyambiente.com\/index.php?rest_route=\/wp\/v2\/types\/product"}],"wp:featuredmedia":[{"embeddable":true,"href":"https:\/\/ecoyambiente.com\/index.php?rest_route=\/wp\/v2\/media\/7972"}],"wp:attachment":[{"href":"https:\/\/ecoyambiente.com\/index.php?rest_route=%2Fwp%2Fv2%2Fmedia&parent=7815"}],"wp:term":[{"taxonomy":"product_brand","embeddable":true,"href":"https:\/\/ecoyambiente.com\/index.php?rest_route=%2Fwp%2Fv2%2Fproduct_brand&post=7815"},{"taxonomy":"product_cat","embeddable":true,"href":"https:\/\/ecoyambiente.com\/index.php?rest_route=%2Fwp%2Fv2%2Fproduct_cat&post=7815"},{"taxonomy":"product_tag","embeddable":true,"href":"https:\/\/ecoyambiente.com\/index.php?rest_route=%2Fwp%2Fv2%2Fproduct_tag&post=7815"}],"curies":[{"name":"wp","href":"https:\/\/api.w.org\/{rel}","templated":true}]}}