{"id":7752,"date":"2021-08-26T17:58:45","date_gmt":"2021-08-26T20:58:45","guid":{"rendered":"https:\/\/ecoyambiente.com\/tienda\/?post_type=product&#038;p=7752"},"modified":"2022-08-30T11:52:53","modified_gmt":"2022-08-30T14:52:53","slug":"rastrillo-tramontina-liviano-de-14-y-16-dientes","status":"publish","type":"product","link":"https:\/\/ecoyambiente.com\/?product=rastrillo-tramontina-liviano-de-14-y-16-dientes","title":{"rendered":"Rastrillo Tramontina Liviano de 14 dientes"},"content":{"rendered":"<p>El rastrillo es una herramienta imprescindible, se utiliza en la agricultura y en jardiner\u00eda. Es \u00fatil para recoger detritos, hojas, c\u00e9sped y otros elementos que se encuentran en el suelo. Esta herramienta tambi\u00e9n permite preparar el terreno para la siembra, removiendo la tierra, nivelando la superficie y eliminando malas hierbas.<\/p>\n<p>&nbsp;<\/p>\n<p>Original Tramontina Brasil<\/p>\n","protected":false},"excerpt":{"rendered":"<p>El rastrillo es una herramienta imprescindible, se utiliza en la agricultura y en jardiner\u00eda. Es \u00fatil para recoger detritos, hojas, c\u00e9sped y otros elementos que se encuentran en el suelo. Esta herramienta tambi\u00e9n permite preparar el terreno para la siembra, removiendo la tierra, nivelando la superficie y eliminando malas hierbas. &nbsp; Original Tramontina Brasil<\/p>\n","protected":false},"featured_media":7870,"template":"","meta":[],"product_brand":[],"product_cat":[3160],"product_tag":[3224,3127],"class_list":{"0":"post-7752","1":"product","2":"type-product","3":"status-publish","4":"has-post-thumbnail","6":"product_cat-herramientas-de-jardin","7":"product_tag-rastrillo","8":"product_tag-tramontina","10":"first","11":"outofstock","12":"shipping-taxable","13":"purchasable","14":"product-type-simple"},"acf":[],"_links":{"self":[{"href":"https:\/\/ecoyambiente.com\/index.php?rest_route=\/wp\/v2\/product\/7752","targetHints":{"allow":["GET"]}}],"collection":[{"href":"https:\/\/ecoyambiente.com\/index.php?rest_route=\/wp\/v2\/product"}],"about":[{"href":"https:\/\/ecoyambiente.com\/index.php?rest_route=\/wp\/v2\/types\/product"}],"wp:featuredmedia":[{"embeddable":true,"href":"https:\/\/ecoyambiente.com\/index.php?rest_route=\/wp\/v2\/media\/7870"}],"wp:attachment":[{"href":"https:\/\/ecoyambiente.com\/index.php?rest_route=%2Fwp%2Fv2%2Fmedia&parent=7752"}],"wp:term":[{"taxonomy":"product_brand","embeddable":true,"href":"https:\/\/ecoyambiente.com\/index.php?rest_route=%2Fwp%2Fv2%2Fproduct_brand&post=7752"},{"taxonomy":"product_cat","embeddable":true,"href":"https:\/\/ecoyambiente.com\/index.php?rest_route=%2Fwp%2Fv2%2Fproduct_cat&post=7752"},{"taxonomy":"product_tag","embeddable":true,"href":"https:\/\/ecoyambiente.com\/index.php?rest_route=%2Fwp%2Fv2%2Fproduct_tag&post=7752"}],"curies":[{"name":"wp","href":"https:\/\/api.w.org\/{rel}","templated":true}]}}