{"id":7705,"date":"2021-08-26T14:33:21","date_gmt":"2021-08-26T17:33:21","guid":{"rendered":"https:\/\/ecoyambiente.com\/tienda\/?post_type=product&#038;p=7705"},"modified":"2021-09-11T11:57:51","modified_gmt":"2021-09-11T14:57:51","slug":"guantes-g10-armador-moteado-una-cara","status":"publish","type":"product","link":"https:\/\/ecoyambiente.com\/?product=guantes-g10-armador-moteado-una-cara","title":{"rendered":"Guantes G10 &#8211; Armador moteado una cara"},"content":{"rendered":"<p>Guante tejido armador antiest\u00e1tico con hilados de poli\u00e9ster y streech con palma moteada en PVC. La palma revestida con motas de PVC, le otorga un mejor grip, convirti\u00e9ndolo en el guante antideslizante por excelencia brindando mayor adherencia, flexibilidad, tacto y seguridad. Provee un alto tacto y sensibilidad, destinado a la protecci\u00f3n de manos y mu\u00f1ecas.<\/p>\n<p><strong>Caracter\u00edsticas<\/strong><br \/>\nEnterizo de una pieza. Sin Costuras. Lavables. Prolija terminaci\u00f3n y aspecto uniforme. Gran adaptabilidad a la mano conservando alto tacto y sensibilidad por su dise\u00f1o y elasticidad. Ninguna molestia en el uso. Absorben y\/o ventilan la transpiraci\u00f3n. Confort en su utilizaci\u00f3n aumentando la eficacia en las tareas a realizar.<\/p>\n<p><strong>Color<\/strong><br \/>\nBlanco \/ Jaspeado azul marino.<\/p>\n<p><strong>Usos<\/strong><br \/>\nIdeal para uso en manipuleo de chapas, industria electr\u00f3nica, autopartista, actividades donde se necesite alto tacto, resistente a la abrasi\u00f3n, antiest\u00e1tico. Antideslizante. Tareas generales. Tareas de jardiner\u00eda.<\/p>\n<p><strong>Norma<\/strong><br \/>\nIRAM 3607 y 3608.<\/p>\n","protected":false},"excerpt":{"rendered":"<p>Guante tejido armador antiest\u00e1tico con hilados de poli\u00e9ster y streech con palma moteada en PVC. La palma revestida con motas de PVC, le otorga un mejor grip, convirti\u00e9ndolo en el guante antideslizante por excelencia brindando mayor adherencia, flexibilidad, tacto y seguridad. Provee un alto tacto y sensibilidad, destinado a la protecci\u00f3n de manos y mu\u00f1ecas. [&hellip;]<\/p>\n","protected":false},"featured_media":7706,"template":"","meta":[],"product_brand":[],"product_cat":[3158],"product_tag":[3220,3221],"class_list":{"0":"post-7705","1":"product","2":"type-product","3":"status-publish","4":"has-post-thumbnail","6":"product_cat-accesorios-de-seguridad","7":"product_tag-guantes","8":"product_tag-seguridad","10":"first","11":"outofstock","12":"shipping-taxable","13":"product-type-simple"},"acf":[],"_links":{"self":[{"href":"https:\/\/ecoyambiente.com\/index.php?rest_route=\/wp\/v2\/product\/7705","targetHints":{"allow":["GET"]}}],"collection":[{"href":"https:\/\/ecoyambiente.com\/index.php?rest_route=\/wp\/v2\/product"}],"about":[{"href":"https:\/\/ecoyambiente.com\/index.php?rest_route=\/wp\/v2\/types\/product"}],"wp:featuredmedia":[{"embeddable":true,"href":"https:\/\/ecoyambiente.com\/index.php?rest_route=\/wp\/v2\/media\/7706"}],"wp:attachment":[{"href":"https:\/\/ecoyambiente.com\/index.php?rest_route=%2Fwp%2Fv2%2Fmedia&parent=7705"}],"wp:term":[{"taxonomy":"product_brand","embeddable":true,"href":"https:\/\/ecoyambiente.com\/index.php?rest_route=%2Fwp%2Fv2%2Fproduct_brand&post=7705"},{"taxonomy":"product_cat","embeddable":true,"href":"https:\/\/ecoyambiente.com\/index.php?rest_route=%2Fwp%2Fv2%2Fproduct_cat&post=7705"},{"taxonomy":"product_tag","embeddable":true,"href":"https:\/\/ecoyambiente.com\/index.php?rest_route=%2Fwp%2Fv2%2Fproduct_tag&post=7705"}],"curies":[{"name":"wp","href":"https:\/\/api.w.org\/{rel}","templated":true}]}}