{"id":7699,"date":"2021-08-26T14:04:21","date_gmt":"2021-08-26T17:04:21","guid":{"rendered":"https:\/\/ecoyambiente.com\/tienda\/?post_type=product&#038;p=7699"},"modified":"2021-09-11T12:01:40","modified_gmt":"2021-09-11T15:01:40","slug":"cebo-parafinico-rodenticida-en-bloques","status":"publish","type":"product","link":"https:\/\/ecoyambiente.com\/?product=cebo-parafinico-rodenticida-en-bloques","title":{"rendered":"Cebo Paraf\u00ednico &#8211; Rodenticida en Bloques"},"content":{"rendered":"<p>Geltek Rodenticida Bloque: es un cebo monos\u00f3dico anticoagulante, resistente al agua y a la humedad. Mata Ratas y Ratones a partir del 3er. D\u00eda de ingesti\u00f3n del cebo, sin despertar desconfianza en la colonia.<\/p>\n<p><strong>Espectro de Acci\u00f3n<\/strong><br \/>\nControla rata noruega (rattus norvegicus), rata negra (rattus rattus), rat\u00f3n dom\u00e9stico (mus musculus), rata colorada (holochilus brasieliensis) o ratones de campo (calomys sp.).<\/p>\n<p><strong>Presentaci\u00f3n<\/strong><br \/>\nBlister con 10 bloques de 10 gr c\/u.<\/p>\n","protected":false},"excerpt":{"rendered":"<p>Geltek Rodenticida Bloque: es un cebo monos\u00f3dico anticoagulante, resistente al agua y a la humedad. Mata Ratas y Ratones a partir del 3er. D\u00eda de ingesti\u00f3n del cebo, sin despertar desconfianza en la colonia. Espectro de Acci\u00f3n Controla rata noruega (rattus norvegicus), rata negra (rattus rattus), rat\u00f3n dom\u00e9stico (mus musculus), rata colorada (holochilus brasieliensis) o [&hellip;]<\/p>\n","protected":false},"featured_media":7712,"template":"","meta":[],"product_brand":[],"product_cat":[3166],"product_tag":[3189,3216,3214,3215],"class_list":{"0":"post-7699","1":"product","2":"type-product","3":"status-publish","4":"has-post-thumbnail","6":"product_cat-venenos-para-roedores","7":"product_tag-cebo","8":"product_tag-ratas","9":"product_tag-raticida","10":"product_tag-veneno","12":"first","13":"outofstock","14":"shipping-taxable","15":"product-type-simple"},"acf":[],"_links":{"self":[{"href":"https:\/\/ecoyambiente.com\/index.php?rest_route=\/wp\/v2\/product\/7699","targetHints":{"allow":["GET"]}}],"collection":[{"href":"https:\/\/ecoyambiente.com\/index.php?rest_route=\/wp\/v2\/product"}],"about":[{"href":"https:\/\/ecoyambiente.com\/index.php?rest_route=\/wp\/v2\/types\/product"}],"wp:featuredmedia":[{"embeddable":true,"href":"https:\/\/ecoyambiente.com\/index.php?rest_route=\/wp\/v2\/media\/7712"}],"wp:attachment":[{"href":"https:\/\/ecoyambiente.com\/index.php?rest_route=%2Fwp%2Fv2%2Fmedia&parent=7699"}],"wp:term":[{"taxonomy":"product_brand","embeddable":true,"href":"https:\/\/ecoyambiente.com\/index.php?rest_route=%2Fwp%2Fv2%2Fproduct_brand&post=7699"},{"taxonomy":"product_cat","embeddable":true,"href":"https:\/\/ecoyambiente.com\/index.php?rest_route=%2Fwp%2Fv2%2Fproduct_cat&post=7699"},{"taxonomy":"product_tag","embeddable":true,"href":"https:\/\/ecoyambiente.com\/index.php?rest_route=%2Fwp%2Fv2%2Fproduct_tag&post=7699"}],"curies":[{"name":"wp","href":"https:\/\/api.w.org\/{rel}","templated":true}]}}