{"id":7697,"date":"2021-08-26T14:01:21","date_gmt":"2021-08-26T17:01:21","guid":{"rendered":"https:\/\/ecoyambiente.com\/tienda\/?post_type=product&#038;p=7697"},"modified":"2022-08-30T11:54:11","modified_gmt":"2022-08-30T14:54:11","slug":"repelente-de-roedores-ex-dr-rata-en-aerosol","status":"publish","type":"product","link":"https:\/\/ecoyambiente.com\/?product=repelente-de-roedores-ex-dr-rata-en-aerosol","title":{"rendered":"Repelente de Roedores (ex Dr. Rata), reptiles y mam\u00edferos en Aerosol"},"content":{"rendered":"<p>Repelente de roedores, reptiles y mam\u00edferos.<\/p>\n<p>Es un pr\u00e1ctico y seguro dispositivo <em><strong>no t\u00f3xico<\/strong><\/em>, para el control de roedores (ratas, ratones, lauchas, entre otros) y reptiles (v\u00edboras, lagartijas, sapos, etc), f\u00e1cil de usar y que permite ser aplicado en diversos lugares con la finalidad de repeler efectivamente, tanto en interiores como en exteriores.<\/p>\n<p>No afecta a las mascotas<\/p>\n<p>&nbsp;<\/p>\n","protected":false},"excerpt":{"rendered":"<p>Repelente de roedores, reptiles y mam\u00edferos. Es un pr\u00e1ctico y seguro dispositivo no t\u00f3xico, para el control de roedores (ratas, ratones, lauchas, entre otros) y reptiles (v\u00edboras, lagartijas, sapos, etc), f\u00e1cil de usar y que permite ser aplicado en diversos lugares con la finalidad de repeler efectivamente, tanto en interiores como en exteriores. No afecta [&hellip;]<\/p>\n","protected":false},"featured_media":7698,"template":"","meta":[],"product_brand":[],"product_cat":[3165],"product_tag":[3213,3182,3210],"class_list":{"0":"post-7697","1":"product","2":"type-product","3":"status-publish","4":"has-post-thumbnail","6":"product_cat-repelentes","7":"product_tag-dr-rata","8":"product_tag-repelente","9":"product_tag-roedores","11":"first","12":"outofstock","13":"shipping-taxable","14":"purchasable","15":"product-type-simple"},"acf":[],"_links":{"self":[{"href":"https:\/\/ecoyambiente.com\/index.php?rest_route=\/wp\/v2\/product\/7697","targetHints":{"allow":["GET"]}}],"collection":[{"href":"https:\/\/ecoyambiente.com\/index.php?rest_route=\/wp\/v2\/product"}],"about":[{"href":"https:\/\/ecoyambiente.com\/index.php?rest_route=\/wp\/v2\/types\/product"}],"wp:featuredmedia":[{"embeddable":true,"href":"https:\/\/ecoyambiente.com\/index.php?rest_route=\/wp\/v2\/media\/7698"}],"wp:attachment":[{"href":"https:\/\/ecoyambiente.com\/index.php?rest_route=%2Fwp%2Fv2%2Fmedia&parent=7697"}],"wp:term":[{"taxonomy":"product_brand","embeddable":true,"href":"https:\/\/ecoyambiente.com\/index.php?rest_route=%2Fwp%2Fv2%2Fproduct_brand&post=7697"},{"taxonomy":"product_cat","embeddable":true,"href":"https:\/\/ecoyambiente.com\/index.php?rest_route=%2Fwp%2Fv2%2Fproduct_cat&post=7697"},{"taxonomy":"product_tag","embeddable":true,"href":"https:\/\/ecoyambiente.com\/index.php?rest_route=%2Fwp%2Fv2%2Fproduct_tag&post=7697"}],"curies":[{"name":"wp","href":"https:\/\/api.w.org\/{rel}","templated":true}]}}