{"id":7692,"date":"2021-08-26T13:55:02","date_gmt":"2021-08-26T16:55:02","guid":{"rendered":"https:\/\/ecoyambiente.com\/tienda\/?post_type=product&#038;p=7692"},"modified":"2022-08-30T11:54:59","modified_gmt":"2022-08-30T14:54:59","slug":"replente-de-reptiles","status":"publish","type":"product","link":"https:\/\/ecoyambiente.com\/?product=replente-de-reptiles","title":{"rendered":"Replente de Reptiles"},"content":{"rendered":"<p>El Repelente de Reptiles es un producto espec\u00edficamente desarrollado para evitar la presencia de toda clase de reptiles. Es ideal pata utilizar en a\u00e9reas periurbanas, galpones, espacios verdes, instituciones, \u00e1reas agr\u00edcolas, viviendas particulares, casas de campo, etc.<\/p>\n<p>No afecta a las mascotas<\/p>\n<p><strong>Presentaci\u00f3n<\/strong><br \/>\n1 litro.<\/p>\n<p>Producto libre de Agroqu\u00edmicos<\/p>\n","protected":false},"excerpt":{"rendered":"<p>El Repelente de Reptiles es un producto espec\u00edficamente desarrollado para evitar la presencia de toda clase de reptiles. Es ideal pata utilizar en a\u00e9reas periurbanas, galpones, espacios verdes, instituciones, \u00e1reas agr\u00edcolas, viviendas particulares, casas de campo, etc. No afecta a las mascotas Presentaci\u00f3n 1 litro. Producto libre de Agroqu\u00edmicos<\/p>\n","protected":false},"featured_media":7695,"template":"","meta":[],"product_brand":[],"product_cat":[3165],"product_tag":[3182,3208],"class_list":{"0":"post-7692","1":"product","2":"type-product","3":"status-publish","4":"has-post-thumbnail","6":"product_cat-repelentes","7":"product_tag-repelente","8":"product_tag-reptiles","10":"first","11":"outofstock","12":"shipping-taxable","13":"purchasable","14":"product-type-simple"},"acf":[],"_links":{"self":[{"href":"https:\/\/ecoyambiente.com\/index.php?rest_route=\/wp\/v2\/product\/7692","targetHints":{"allow":["GET"]}}],"collection":[{"href":"https:\/\/ecoyambiente.com\/index.php?rest_route=\/wp\/v2\/product"}],"about":[{"href":"https:\/\/ecoyambiente.com\/index.php?rest_route=\/wp\/v2\/types\/product"}],"wp:featuredmedia":[{"embeddable":true,"href":"https:\/\/ecoyambiente.com\/index.php?rest_route=\/wp\/v2\/media\/7695"}],"wp:attachment":[{"href":"https:\/\/ecoyambiente.com\/index.php?rest_route=%2Fwp%2Fv2%2Fmedia&parent=7692"}],"wp:term":[{"taxonomy":"product_brand","embeddable":true,"href":"https:\/\/ecoyambiente.com\/index.php?rest_route=%2Fwp%2Fv2%2Fproduct_brand&post=7692"},{"taxonomy":"product_cat","embeddable":true,"href":"https:\/\/ecoyambiente.com\/index.php?rest_route=%2Fwp%2Fv2%2Fproduct_cat&post=7692"},{"taxonomy":"product_tag","embeddable":true,"href":"https:\/\/ecoyambiente.com\/index.php?rest_route=%2Fwp%2Fv2%2Fproduct_tag&post=7692"}],"curies":[{"name":"wp","href":"https:\/\/api.w.org\/{rel}","templated":true}]}}