{"id":7653,"date":"2021-08-26T13:15:22","date_gmt":"2021-08-26T16:15:22","guid":{"rendered":"https:\/\/ecoyambiente.com\/tienda\/?post_type=product&#038;p=7653"},"modified":"2022-08-30T11:56:41","modified_gmt":"2022-08-30T14:56:41","slug":"cebo-mosquicida-moscaxan","status":"publish","type":"product","link":"https:\/\/ecoyambiente.com\/?product=cebo-mosquicida-moscaxan","title":{"rendered":"Cebo Mosquicida Moscaxan"},"content":{"rendered":"<p>MoscaXan es un cebo mosquicida granulado que act\u00faa sobre la mayor\u00eda de los g\u00e9neros de moscas, especialmente Musca Domestica, en los lugares donde se posan o descansan. Esta formulaci\u00f3n tiene una toxicidad moderada en mam\u00edferos.<\/p>\n<p>La combinaci\u00f3n de su principio activo con atrayentes y feromona sexual hacen de Moscaxan un producto con marcada atracci\u00f3n cuyo resultado inmediato es un importante efecto de volteo y baja de la poblaci\u00f3n de moscas.<\/p>\n","protected":false},"excerpt":{"rendered":"<p>MoscaXan es un cebo mosquicida granulado que act\u00faa sobre la mayor\u00eda de los g\u00e9neros de moscas, especialmente Musca Domestica, en los lugares donde se posan o descansan. Esta formulaci\u00f3n tiene una toxicidad moderada en mam\u00edferos. La combinaci\u00f3n de su principio activo con atrayentes y feromona sexual hacen de Moscaxan un producto con marcada atracci\u00f3n cuyo [&hellip;]<\/p>\n","protected":false},"featured_media":7658,"template":"","meta":[],"product_brand":[],"product_cat":[3187],"product_tag":[3189,3177,3188,3190],"class_list":{"0":"post-7653","1":"product","2":"type-product","3":"status-publish","4":"has-post-thumbnail","6":"product_cat-insecticida-para-moscas","7":"product_tag-cebo","8":"product_tag-insecticida","9":"product_tag-moscas","10":"product_tag-moscaxan","12":"first","13":"outofstock","14":"shipping-taxable","15":"purchasable","16":"product-type-simple"},"acf":[],"_links":{"self":[{"href":"https:\/\/ecoyambiente.com\/index.php?rest_route=\/wp\/v2\/product\/7653","targetHints":{"allow":["GET"]}}],"collection":[{"href":"https:\/\/ecoyambiente.com\/index.php?rest_route=\/wp\/v2\/product"}],"about":[{"href":"https:\/\/ecoyambiente.com\/index.php?rest_route=\/wp\/v2\/types\/product"}],"wp:featuredmedia":[{"embeddable":true,"href":"https:\/\/ecoyambiente.com\/index.php?rest_route=\/wp\/v2\/media\/7658"}],"wp:attachment":[{"href":"https:\/\/ecoyambiente.com\/index.php?rest_route=%2Fwp%2Fv2%2Fmedia&parent=7653"}],"wp:term":[{"taxonomy":"product_brand","embeddable":true,"href":"https:\/\/ecoyambiente.com\/index.php?rest_route=%2Fwp%2Fv2%2Fproduct_brand&post=7653"},{"taxonomy":"product_cat","embeddable":true,"href":"https:\/\/ecoyambiente.com\/index.php?rest_route=%2Fwp%2Fv2%2Fproduct_cat&post=7653"},{"taxonomy":"product_tag","embeddable":true,"href":"https:\/\/ecoyambiente.com\/index.php?rest_route=%2Fwp%2Fv2%2Fproduct_tag&post=7653"}],"curies":[{"name":"wp","href":"https:\/\/api.w.org\/{rel}","templated":true}]}}