{"id":7652,"date":"2021-08-26T13:10:32","date_gmt":"2021-08-26T16:10:32","guid":{"rendered":"https:\/\/ecoyambiente.com\/tienda\/?post_type=product&#038;p=7652"},"modified":"2022-08-30T11:56:49","modified_gmt":"2022-08-30T14:56:49","slug":"aceite-de-canela","status":"publish","type":"product","link":"https:\/\/ecoyambiente.com\/?product=aceite-de-canela","title":{"rendered":"Aceite de Canela x 100 cc"},"content":{"rendered":"<p>Entre las propiedades m\u00e1s destacables est\u00e1n la activaci\u00f3n y puesta en marcha de los mecanismos propios de defensa de la planta ante situaciones de estr\u00e9s (fitopatol\u00f3gico, climatolog\u00eda adversa, etc.). Se utiliza para el control biol\u00f3gico de \u00e1caros en genera. Es utilizable en exterior, interior e invernadero.<\/p>\n<p><strong>Eficacia 100% contra:\u00a0<\/strong>Acaros, Ara\u00f1a roja, Babosas, Chinches, \u00a0Cochinillas, Escarabajos, Gorgojos, Grillo topo, hormiga, Jejenes, Minadores, Mosca blanca, Moscas varias, Mosquitos, Nematodos, Orugas, Pulgones, T\u00e1banos y Trips, entre otras plagas.<\/p>\n<p>Tambi\u00e9n protegen cultivos ornamentales y alimenticios contra enfermedades de hongos (micosis) tales como: Brotitis, Mildiu, Moho gris, o\u00eddio y Roya, entre otros.<\/p>\n<p><strong>Usos<\/strong><br \/>\nCultivo de hortalizas, frutales y plantas ornamentales bajo pl\u00e1stico y aire libre.<\/p>\n<p><strong>Presentaci\u00f3n<\/strong><br \/>\n100 cc.<\/p>\n<p>Libre de agroqu\u00edmicos.<\/p>\n","protected":false},"excerpt":{"rendered":"<p>Entre las propiedades m\u00e1s destacables est\u00e1n la activaci\u00f3n y puesta en marcha de los mecanismos propios de defensa de la planta ante situaciones de estr\u00e9s (fitopatol\u00f3gico, climatolog\u00eda adversa, etc.). Se utiliza para el control biol\u00f3gico de \u00e1caros en genera. Es utilizable en exterior, interior e invernadero. Eficacia 100% contra:\u00a0Acaros, Ara\u00f1a roja, Babosas, Chinches, \u00a0Cochinillas, Escarabajos, [&hellip;]<\/p>\n","protected":false},"featured_media":7918,"template":"","meta":[],"product_brand":[],"product_cat":[3161],"product_tag":[3180,3186],"class_list":{"0":"post-7652","1":"product","2":"type-product","3":"status-publish","4":"has-post-thumbnail","6":"product_cat-insecticidas-ecologicos","7":"product_tag-aceite","8":"product_tag-canela","10":"first","11":"outofstock","12":"shipping-taxable","13":"purchasable","14":"product-type-simple"},"acf":[],"_links":{"self":[{"href":"https:\/\/ecoyambiente.com\/index.php?rest_route=\/wp\/v2\/product\/7652","targetHints":{"allow":["GET"]}}],"collection":[{"href":"https:\/\/ecoyambiente.com\/index.php?rest_route=\/wp\/v2\/product"}],"about":[{"href":"https:\/\/ecoyambiente.com\/index.php?rest_route=\/wp\/v2\/types\/product"}],"wp:featuredmedia":[{"embeddable":true,"href":"https:\/\/ecoyambiente.com\/index.php?rest_route=\/wp\/v2\/media\/7918"}],"wp:attachment":[{"href":"https:\/\/ecoyambiente.com\/index.php?rest_route=%2Fwp%2Fv2%2Fmedia&parent=7652"}],"wp:term":[{"taxonomy":"product_brand","embeddable":true,"href":"https:\/\/ecoyambiente.com\/index.php?rest_route=%2Fwp%2Fv2%2Fproduct_brand&post=7652"},{"taxonomy":"product_cat","embeddable":true,"href":"https:\/\/ecoyambiente.com\/index.php?rest_route=%2Fwp%2Fv2%2Fproduct_cat&post=7652"},{"taxonomy":"product_tag","embeddable":true,"href":"https:\/\/ecoyambiente.com\/index.php?rest_route=%2Fwp%2Fv2%2Fproduct_tag&post=7652"}],"curies":[{"name":"wp","href":"https:\/\/api.w.org\/{rel}","templated":true}]}}