{"id":7640,"date":"2021-08-26T13:07:24","date_gmt":"2021-08-26T16:07:24","guid":{"rendered":"https:\/\/ecoyambiente.com\/tienda\/?post_type=product&#038;p=7640"},"modified":"2022-08-30T11:59:30","modified_gmt":"2022-08-30T14:59:30","slug":"jabon-potasico-funguicida-e-insecticida-no-toxico","status":"publish","type":"product","link":"https:\/\/ecoyambiente.com\/?product=jabon-potasico-funguicida-e-insecticida-no-toxico","title":{"rendered":"Jab\u00f3n Pot\u00e1sico x 250 cc &#8211; funguicida e insecticida, no t\u00f3xico"},"content":{"rendered":"<p>El jab\u00f3n pot\u00e1sico es un compuesto formado por hidr\u00f3xido pot\u00e1sico, aceite vegetal virgen de girasol, oliva, ma\u00edz, entre otros y agua.<\/p>\n<p>Act\u00faa en forma mec\u00e1nica no qu\u00edmica sobre los insectos, eliminando su capa protectora (exoesqueleto). Aporta nutrientes. Elimina distintos tipos de hongos.<\/p>\n<p><strong>ACCI\u00d3N<\/strong><\/p>\n<ul>\n<li>Act\u00faa en forma mec\u00e1nica s\/los insectos, eliminando su capa protectora (exoesqueleto).<\/li>\n<li>Obstruye los poros respiratorios de los insectos, gener\u00e1ndoles asfixia.<\/li>\n<li>Por su forma de actuar f\u00edsica y no qu\u00edmica, los insectos no pueden crear resistencia.<\/li>\n<li>Mezclado en agua de riego facilita que los abonos se absorban con mucha mayor facilidad.<\/li>\n<li>Se utiliza para limpiar las hojas, con una peque\u00f1a dosis se logra el brillo de las mismas<\/li>\n<\/ul>\n<p><strong>Presentaci\u00f3n<\/strong><br \/>\n250 cc.<\/p>\n<p>Producto libre de Agroqu\u00edmicos.<\/p>\n","protected":false},"excerpt":{"rendered":"<p>El jab\u00f3n pot\u00e1sico es un compuesto formado por hidr\u00f3xido pot\u00e1sico, aceite vegetal virgen de girasol, oliva, ma\u00edz, entre otros y agua. Act\u00faa en forma mec\u00e1nica no qu\u00edmica sobre los insectos, eliminando su capa protectora (exoesqueleto). Aporta nutrientes. Elimina distintos tipos de hongos. ACCI\u00d3N Act\u00faa en forma mec\u00e1nica s\/los insectos, eliminando su capa protectora (exoesqueleto). Obstruye [&hellip;]<\/p>\n","protected":false},"featured_media":7913,"template":"","meta":[],"product_brand":[],"product_cat":[3161],"product_tag":[3185,3177,3183,3184],"class_list":{"0":"post-7640","1":"product","2":"type-product","3":"status-publish","4":"has-post-thumbnail","6":"product_cat-insecticidas-ecologicos","7":"product_tag-funguicida","8":"product_tag-insecticida","9":"product_tag-jabon","10":"product_tag-potasico","12":"first","13":"outofstock","14":"shipping-taxable","15":"purchasable","16":"product-type-simple"},"acf":[],"_links":{"self":[{"href":"https:\/\/ecoyambiente.com\/index.php?rest_route=\/wp\/v2\/product\/7640","targetHints":{"allow":["GET"]}}],"collection":[{"href":"https:\/\/ecoyambiente.com\/index.php?rest_route=\/wp\/v2\/product"}],"about":[{"href":"https:\/\/ecoyambiente.com\/index.php?rest_route=\/wp\/v2\/types\/product"}],"wp:featuredmedia":[{"embeddable":true,"href":"https:\/\/ecoyambiente.com\/index.php?rest_route=\/wp\/v2\/media\/7913"}],"wp:attachment":[{"href":"https:\/\/ecoyambiente.com\/index.php?rest_route=%2Fwp%2Fv2%2Fmedia&parent=7640"}],"wp:term":[{"taxonomy":"product_brand","embeddable":true,"href":"https:\/\/ecoyambiente.com\/index.php?rest_route=%2Fwp%2Fv2%2Fproduct_brand&post=7640"},{"taxonomy":"product_cat","embeddable":true,"href":"https:\/\/ecoyambiente.com\/index.php?rest_route=%2Fwp%2Fv2%2Fproduct_cat&post=7640"},{"taxonomy":"product_tag","embeddable":true,"href":"https:\/\/ecoyambiente.com\/index.php?rest_route=%2Fwp%2Fv2%2Fproduct_tag&post=7640"}],"curies":[{"name":"wp","href":"https:\/\/api.w.org\/{rel}","templated":true}]}}