{"id":7639,"date":"2021-08-26T13:04:36","date_gmt":"2021-08-26T16:04:36","guid":{"rendered":"https:\/\/ecoyambiente.com\/tienda\/?post_type=product&#038;p=7639"},"modified":"2022-08-30T11:59:39","modified_gmt":"2022-08-30T14:59:39","slug":"aceite-de-neem-repelente-e-insecticida-no-toxico","status":"publish","type":"product","link":"https:\/\/ecoyambiente.com\/?product=aceite-de-neem-repelente-e-insecticida-no-toxico","title":{"rendered":"Aceite de Neem x 100 cc &#8211; repelente e insecticida, no t\u00f3xico"},"content":{"rendered":"<p>Es un insecticida y repelente de insectos, aporta a las plantas un sabor amargo para que las plagas no las coman. Act\u00faa por contacto e ingesti\u00f3n y una vez absorbido a trav\u00e9s de las ra\u00edces de las plantas, tambi\u00e9n actuar\u00e1 como insecticida sist\u00e9mico.<\/p>\n<p><strong>MODO DE ACCION<\/strong><\/p>\n<ul>\n<li>Repelente de insectos da\u00f1inos, logra que el sabor de las plantas sea m\u00e1s amargo, as\u00ed las plagas no las comer\u00e1n.<\/li>\n<li>Por contacto e ingesti\u00f3n: interrumpe la transici\u00f3n de los insectos entre sus diferentes estados de metamorfosis, como el paso de larva a cris\u00e1lida. Impide que los insectos desarrollen un exoesqueleto m\u00e1s duro y que se reproduzcan.<\/li>\n<\/ul>\n<p><strong>Presentaci\u00f3n<\/strong><br \/>\n100 cc.<\/p>\n<p>Producto libre de Agroqu\u00edmicos.<\/p>\n<p>&nbsp;<\/p>\n","protected":false},"excerpt":{"rendered":"<p>Es un insecticida y repelente de insectos, aporta a las plantas un sabor amargo para que las plagas no las coman. Act\u00faa por contacto e ingesti\u00f3n y una vez absorbido a trav\u00e9s de las ra\u00edces de las plantas, tambi\u00e9n actuar\u00e1 como insecticida sist\u00e9mico. MODO DE ACCION Repelente de insectos da\u00f1inos, logra que el sabor de [&hellip;]<\/p>\n","protected":false},"featured_media":7914,"template":"","meta":[],"product_brand":[],"product_cat":[3161],"product_tag":[3180,3177,3181,3182],"class_list":{"0":"post-7639","1":"product","2":"type-product","3":"status-publish","4":"has-post-thumbnail","6":"product_cat-insecticidas-ecologicos","7":"product_tag-aceite","8":"product_tag-insecticida","9":"product_tag-neem","10":"product_tag-repelente","12":"first","13":"outofstock","14":"shipping-taxable","15":"purchasable","16":"product-type-simple"},"acf":[],"_links":{"self":[{"href":"https:\/\/ecoyambiente.com\/index.php?rest_route=\/wp\/v2\/product\/7639","targetHints":{"allow":["GET"]}}],"collection":[{"href":"https:\/\/ecoyambiente.com\/index.php?rest_route=\/wp\/v2\/product"}],"about":[{"href":"https:\/\/ecoyambiente.com\/index.php?rest_route=\/wp\/v2\/types\/product"}],"wp:featuredmedia":[{"embeddable":true,"href":"https:\/\/ecoyambiente.com\/index.php?rest_route=\/wp\/v2\/media\/7914"}],"wp:attachment":[{"href":"https:\/\/ecoyambiente.com\/index.php?rest_route=%2Fwp%2Fv2%2Fmedia&parent=7639"}],"wp:term":[{"taxonomy":"product_brand","embeddable":true,"href":"https:\/\/ecoyambiente.com\/index.php?rest_route=%2Fwp%2Fv2%2Fproduct_brand&post=7639"},{"taxonomy":"product_cat","embeddable":true,"href":"https:\/\/ecoyambiente.com\/index.php?rest_route=%2Fwp%2Fv2%2Fproduct_cat&post=7639"},{"taxonomy":"product_tag","embeddable":true,"href":"https:\/\/ecoyambiente.com\/index.php?rest_route=%2Fwp%2Fv2%2Fproduct_tag&post=7639"}],"curies":[{"name":"wp","href":"https:\/\/api.w.org\/{rel}","templated":true}]}}