{"id":7636,"date":"2021-08-26T12:56:48","date_gmt":"2021-08-26T15:56:48","guid":{"rendered":"https:\/\/ecoyambiente.com\/tienda\/?post_type=product&#038;p=7636"},"modified":"2022-08-30T12:00:13","modified_gmt":"2022-08-30T15:00:13","slug":"caja-cebadera","status":"publish","type":"product","link":"https:\/\/ecoyambiente.com\/?product=caja-cebadera","title":{"rendered":"Caja Cebadera tapa clara p\/monitoreo, porta cebos p\/roedores."},"content":{"rendered":"<p>IMPORTANTE <strong>(recomendable)<\/strong>: antes de leer la publicaci\u00f3n, sugiero ver el video, all\u00ed encontrar\u00e1n caracter\u00edsticas, medidas, resistencia, etc.<\/p>\n<p><strong>Video<\/strong>: <a href=\"https:\/\/www.youtube.com\/watch?v=Gbaymlic3oU&amp;feature=youtu.be\">https:\/\/www.youtube.com\/watch?v=Gbaymlic3oU&amp;feature=youtu.be<\/a><\/p>\n<p><strong>Caja cebadera de monitoreo, porta cebo t\u00f3xico, con tapa traslucida y llave<\/strong>.<\/p>\n<ul>\n<li>Unica por su tama\u00f1o, resistencia y apertura lateral.<\/li>\n<li>Ideal para instalar en espacios peque\u00f1os, tanto en interiores como exteriores.<\/li>\n<li>F\u00e1cil y r\u00e1pido monitoreo de los cebos para su recambio.<\/li>\n<li>Es una caja 100% segura e higi\u00e9nica.<\/li>\n<li>Con llave de seguridad, cierre inviolable.<\/li>\n<\/ul>\n<p>Es una caja compacta, con dimensiones exclusivas para el uso de cebos rodenticidas<\/p>\n","protected":false},"excerpt":{"rendered":"<p>IMPORTANTE (recomendable): antes de leer la publicaci\u00f3n, sugiero ver el video, all\u00ed encontrar\u00e1n caracter\u00edsticas, medidas, resistencia, etc. Video: https:\/\/www.youtube.com\/watch?v=Gbaymlic3oU&amp;feature=youtu.be Caja cebadera de monitoreo, porta cebo t\u00f3xico, con tapa traslucida y llave. Unica por su tama\u00f1o, resistencia y apertura lateral. Ideal para instalar en espacios peque\u00f1os, tanto en interiores como exteriores. F\u00e1cil y r\u00e1pido monitoreo de [&hellip;]<\/p>\n","protected":false},"featured_media":7646,"template":"","meta":[],"product_brand":[],"product_cat":[3159],"product_tag":[3172],"class_list":{"0":"post-7636","1":"product","2":"type-product","3":"status-publish","4":"has-post-thumbnail","6":"product_cat-cajas-y-tramperas","7":"product_tag-caja-cebadera","9":"first","10":"outofstock","11":"shipping-taxable","12":"purchasable","13":"product-type-simple"},"acf":[],"_links":{"self":[{"href":"https:\/\/ecoyambiente.com\/index.php?rest_route=\/wp\/v2\/product\/7636","targetHints":{"allow":["GET"]}}],"collection":[{"href":"https:\/\/ecoyambiente.com\/index.php?rest_route=\/wp\/v2\/product"}],"about":[{"href":"https:\/\/ecoyambiente.com\/index.php?rest_route=\/wp\/v2\/types\/product"}],"wp:featuredmedia":[{"embeddable":true,"href":"https:\/\/ecoyambiente.com\/index.php?rest_route=\/wp\/v2\/media\/7646"}],"wp:attachment":[{"href":"https:\/\/ecoyambiente.com\/index.php?rest_route=%2Fwp%2Fv2%2Fmedia&parent=7636"}],"wp:term":[{"taxonomy":"product_brand","embeddable":true,"href":"https:\/\/ecoyambiente.com\/index.php?rest_route=%2Fwp%2Fv2%2Fproduct_brand&post=7636"},{"taxonomy":"product_cat","embeddable":true,"href":"https:\/\/ecoyambiente.com\/index.php?rest_route=%2Fwp%2Fv2%2Fproduct_cat&post=7636"},{"taxonomy":"product_tag","embeddable":true,"href":"https:\/\/ecoyambiente.com\/index.php?rest_route=%2Fwp%2Fv2%2Fproduct_tag&post=7636"}],"curies":[{"name":"wp","href":"https:\/\/api.w.org\/{rel}","templated":true}]}}