{"id":7635,"date":"2021-08-26T12:53:48","date_gmt":"2021-08-26T15:53:48","guid":{"rendered":"https:\/\/ecoyambiente.com\/tienda\/?post_type=product&#038;p=7635"},"modified":"2022-08-30T12:00:22","modified_gmt":"2022-08-30T15:00:22","slug":"tramperas-para-roedores-iron-trap","status":"publish","type":"product","link":"https:\/\/ecoyambiente.com\/?product=tramperas-para-roedores-iron-trap","title":{"rendered":"Trampera para Roedores Iron Trap"},"content":{"rendered":"<p>Construida con ABS (termopl\u00e1stico m\u00e1s resistente) y acero s\u00faper r\u00e1pido. Posee protecci\u00f3n UV, lo cual permite su aplicaci\u00f3n en \u201cexteriores\u201d, llegando a tener una vida \u00fatil mayor a los 10 a\u00f1os. Con agarre pl\u00e1stico para su mejor activaci\u00f3n. Su sistema \u00fanico de atrape patentado, permite que el disparo no sea prematuro y hace que la efectividad de captura sea del 100%, optimizando la rapidez.<\/p>\n","protected":false},"excerpt":{"rendered":"<p>Construida con ABS (termopl\u00e1stico m\u00e1s resistente) y acero s\u00faper r\u00e1pido. Posee protecci\u00f3n UV, lo cual permite su aplicaci\u00f3n en \u201cexteriores\u201d, llegando a tener una vida \u00fatil mayor a los 10 a\u00f1os. Con agarre pl\u00e1stico para su mejor activaci\u00f3n. Su sistema \u00fanico de atrape patentado, permite que el disparo no sea prematuro y hace que la [&hellip;]<\/p>\n","protected":false},"featured_media":7645,"template":"","meta":[],"product_brand":[],"product_cat":[3159],"product_tag":[3171,3236],"class_list":{"0":"post-7635","1":"product","2":"type-product","3":"status-publish","4":"has-post-thumbnail","6":"product_cat-cajas-y-tramperas","7":"product_tag-iron-trap","8":"product_tag-trampera","10":"first","11":"outofstock","12":"shipping-taxable","13":"purchasable","14":"product-type-simple"},"acf":[],"_links":{"self":[{"href":"https:\/\/ecoyambiente.com\/index.php?rest_route=\/wp\/v2\/product\/7635","targetHints":{"allow":["GET"]}}],"collection":[{"href":"https:\/\/ecoyambiente.com\/index.php?rest_route=\/wp\/v2\/product"}],"about":[{"href":"https:\/\/ecoyambiente.com\/index.php?rest_route=\/wp\/v2\/types\/product"}],"wp:featuredmedia":[{"embeddable":true,"href":"https:\/\/ecoyambiente.com\/index.php?rest_route=\/wp\/v2\/media\/7645"}],"wp:attachment":[{"href":"https:\/\/ecoyambiente.com\/index.php?rest_route=%2Fwp%2Fv2%2Fmedia&parent=7635"}],"wp:term":[{"taxonomy":"product_brand","embeddable":true,"href":"https:\/\/ecoyambiente.com\/index.php?rest_route=%2Fwp%2Fv2%2Fproduct_brand&post=7635"},{"taxonomy":"product_cat","embeddable":true,"href":"https:\/\/ecoyambiente.com\/index.php?rest_route=%2Fwp%2Fv2%2Fproduct_cat&post=7635"},{"taxonomy":"product_tag","embeddable":true,"href":"https:\/\/ecoyambiente.com\/index.php?rest_route=%2Fwp%2Fv2%2Fproduct_tag&post=7635"}],"curies":[{"name":"wp","href":"https:\/\/api.w.org\/{rel}","templated":true}]}}