{"id":7633,"date":"2021-08-26T12:45:50","date_gmt":"2021-08-26T15:45:50","guid":{"rendered":"https:\/\/ecoyambiente.com\/tienda\/?post_type=product&#038;p=7633"},"modified":"2022-08-30T12:00:37","modified_gmt":"2022-08-30T15:00:37","slug":"barreras-antihormigas","status":"publish","type":"product","link":"https:\/\/ecoyambiente.com\/?product=barreras-antihormigas","title":{"rendered":"Barrera Antihormigas x 1 metro ** Pack x 6 barreras **"},"content":{"rendered":"<p>Es una barrera poliuret\u00e1nica con film deslizante con U.V. que proporciona durabilidad en condiciones de intemperie. Es un m\u00e9todo natural, 100% ecol\u00f3gico, detiene a las hormigas sin necesidad de aplicar venenos t\u00f3xicos o agroqu\u00edmicos.<\/p>\n<p>Es los m\u00e1s econ\u00f3mico, de f\u00e1cil aplicaci\u00f3n y eficaz m\u00e9todo preventivo, para evitar que las hormigas, orugas u otro insecto, suban por el tronco\/tallo y produzcan mucho da\u00f1o en plantas ornamentales, frutales y \u00e1rboles en general.<\/p>\n<p><strong>Presentaci\u00f3n<\/strong><\/p>\n<p>En tiras de 1 metro lineal = $120,00 c\/u<\/p>\n<p>*** <strong>AVISO POR:\u00a0 <\/strong><strong>6 barreras x 1 metro c\/u = Total 6 metros = $720,00 ***<\/strong><\/p>\n<p>&#8212;&#8212;&#8212;&#8212;&#8212;&#8212;&#8212;&#8212;&#8212;&#8212;&#8212;&#8212;&#8212;&#8212;&#8212;&#8212;&#8212;&#8212;&#8212;&#8212;&#8212;&#8212;&#8212;&#8212;<\/p>\n<p><em>Aplicaci\u00f3n<\/em><\/p>\n<p><em>Muy f\u00e1cil de instalar, solo hay que envolver el tronco a proteger, cortar la medida elegida y por medio de una abrochadora com\u00fan, sujetar.<\/em><\/p>\n<p><em><strong>VIDEO INSTRUCTIVO<\/strong><\/em><\/p>\n<p><em><a href=\"https:\/\/www.youtube.com\/watch?v=RG8hVOA43kQ\">https:\/\/www.youtube.com\/watch?v=RG8hVOA43kQ<\/a><\/em><\/p>\n<p>&#8212;&#8212;&#8212;&#8212;&#8212;&#8212;&#8212;&#8212;&#8212;&#8212;&#8212;&#8212;&#8212;&#8212;&#8212;&#8212;&#8212;&#8212;&#8212;&#8212;&#8212;&#8212;&#8212;&#8212;<\/p>\n","protected":false},"excerpt":{"rendered":"<p>Es una barrera poliuret\u00e1nica con film deslizante con U.V. que proporciona durabilidad en condiciones de intemperie. Es un m\u00e9todo natural, 100% ecol\u00f3gico, detiene a las hormigas sin necesidad de aplicar venenos t\u00f3xicos o agroqu\u00edmicos. Es los m\u00e1s econ\u00f3mico, de f\u00e1cil aplicaci\u00f3n y eficaz m\u00e9todo preventivo, para evitar que las hormigas, orugas u otro insecto, suban [&hellip;]<\/p>\n","protected":false},"featured_media":7642,"template":"","meta":[],"product_brand":[],"product_cat":[3157],"product_tag":[3169,3170],"class_list":{"0":"post-7633","1":"product","2":"type-product","3":"status-publish","4":"has-post-thumbnail","6":"product_cat-accesorios-de-jardineria","7":"product_tag-barrera","8":"product_tag-hormigas","10":"first","11":"outofstock","12":"shipping-taxable","13":"purchasable","14":"product-type-simple"},"acf":[],"_links":{"self":[{"href":"https:\/\/ecoyambiente.com\/index.php?rest_route=\/wp\/v2\/product\/7633","targetHints":{"allow":["GET"]}}],"collection":[{"href":"https:\/\/ecoyambiente.com\/index.php?rest_route=\/wp\/v2\/product"}],"about":[{"href":"https:\/\/ecoyambiente.com\/index.php?rest_route=\/wp\/v2\/types\/product"}],"wp:featuredmedia":[{"embeddable":true,"href":"https:\/\/ecoyambiente.com\/index.php?rest_route=\/wp\/v2\/media\/7642"}],"wp:attachment":[{"href":"https:\/\/ecoyambiente.com\/index.php?rest_route=%2Fwp%2Fv2%2Fmedia&parent=7633"}],"wp:term":[{"taxonomy":"product_brand","embeddable":true,"href":"https:\/\/ecoyambiente.com\/index.php?rest_route=%2Fwp%2Fv2%2Fproduct_brand&post=7633"},{"taxonomy":"product_cat","embeddable":true,"href":"https:\/\/ecoyambiente.com\/index.php?rest_route=%2Fwp%2Fv2%2Fproduct_cat&post=7633"},{"taxonomy":"product_tag","embeddable":true,"href":"https:\/\/ecoyambiente.com\/index.php?rest_route=%2Fwp%2Fv2%2Fproduct_tag&post=7633"}],"curies":[{"name":"wp","href":"https:\/\/api.w.org\/{rel}","templated":true}]}}