{"id":921,"date":"2015-01-08T14:17:12","date_gmt":"2015-01-08T14:17:12","guid":{"rendered":"http:\/\/localhost:8888\/construction\/?page_id=2"},"modified":"2021-08-15T15:15:00","modified_gmt":"2021-08-15T18:15:00","slug":"services","status":"publish","type":"page","link":"https:\/\/ecoyambiente.com\/?page_id=921","title":{"rendered":"Insecticidas Ecol\u00f3gicos"},"content":{"rendered":"<div id=\"pl-921\"  class=\"panel-layout\" ><div id=\"pg-921-0\"  class=\"panel-grid panel-no-style\" ><div id=\"pgc-921-0-0\"  class=\"panel-grid-cell\" ><div id=\"panel-921-0-0-0\" class=\"so-panel widget widget_qt_feature_page widget-featured-page panel-first-child panel-last-child\" data-index=\"0\" >\n\t\t\t<div class=\"post-item page\">\n\t\t\t\t\t\t\t\t\t<a href=\"https:\/\/ecoyambiente.com\/?page_id=4999\" class=\"post-item-image\">\n\t\t\t\t\t\t<img loading=\"lazy\" decoding=\"async\" width=\"360\" height=\"240\" src=\"https:\/\/ecoyambiente.com\/wp-content\/uploads\/2021\/08\/insecticidas-beneficios-1-360x240.jpg\" class=\"attachment-thelandscaper-featured-thumb size-thelandscaper-featured-thumb\" alt=\"Insecticidas ecol\u00f3gicos - Beneficios\" srcset=\"https:\/\/ecoyambiente.com\/wp-content\/uploads\/2021\/08\/insecticidas-beneficios-1-360x240.jpg 360w, https:\/\/ecoyambiente.com\/wp-content\/uploads\/2021\/08\/insecticidas-beneficios-1-850x567.jpg 850w\" sizes=\"auto, (min-width: 781px) 360px, calc(100vw - 30px)\" \/>\t\t\t\t\t\t\t\t\t\t\t\t\t<div class=\"overlay\">\n\t\t\t\t\t\t\t\t<div class=\"vertical-center\">\n\t\t\t\t\t\t\t\t\t<span>Leer m\u00e1s<\/span>\n\t\t\t\t\t\t\t\t<\/div>\n\t\t\t\t\t\t\t<\/div>\n\t\t\t\t\t\t\t\t\t\t\t<\/a>\n\t\t\t\t\t\t\t\t<h5 class=\"title\">\n\t\t\t\t\t<a href=\"https:\/\/ecoyambiente.com\/?page_id=4999\">Beneficios<\/a>\n\t\t\t\t<\/h5>\n\t\t\t\t\t\t\t\t\t<p>DISTINTOS DESDE EL ORIGEN\nLos insecticidas elaborados a base de qu\u00edmicos representan un riesgo para la salud de las personas, animales, y cultivos que pueden entrar en contacto con&hellip;<\/p>\n\t\t\t\t\t\t\t\t\t\t\t\t\t<a href=\"https:\/\/ecoyambiente.com\/?page_id=4999\" class=\"more\">Leer m\u00e1s<\/a>\n\t\t\t\t\t\t\t<\/div>\n\n\t\t\t<\/div><\/div><div id=\"pgc-921-0-1\"  class=\"panel-grid-cell\" ><div id=\"panel-921-0-1-0\" class=\"so-panel widget widget_qt_feature_page widget-featured-page panel-first-child panel-last-child\" data-index=\"1\" >\n\t\t\t<div class=\"post-item page\">\n\t\t\t\t\t\t\t\t\t<a href=\"https:\/\/ecoyambiente.com\/?page_id=7390\" class=\"post-item-image\">\n\t\t\t\t\t\t<img loading=\"lazy\" decoding=\"async\" width=\"360\" height=\"240\" src=\"https:\/\/ecoyambiente.com\/wp-content\/uploads\/2021\/08\/insecticidas-hogar-1-360x240.jpg\" class=\"attachment-thelandscaper-featured-thumb size-thelandscaper-featured-thumb\" alt=\"Insecticidas para el hogar\" srcset=\"https:\/\/ecoyambiente.com\/wp-content\/uploads\/2021\/08\/insecticidas-hogar-1-360x240.jpg 360w, https:\/\/ecoyambiente.com\/wp-content\/uploads\/2021\/08\/insecticidas-hogar-1-400x267.jpg 400w, https:\/\/ecoyambiente.com\/wp-content\/uploads\/2021\/08\/insecticidas-hogar-1-600x400.jpg 600w, https:\/\/ecoyambiente.com\/wp-content\/uploads\/2021\/08\/insecticidas-hogar-1-300x200.jpg 300w, https:\/\/ecoyambiente.com\/wp-content\/uploads\/2021\/08\/insecticidas-hogar-1-768x512.jpg 768w, https:\/\/ecoyambiente.com\/wp-content\/uploads\/2021\/08\/insecticidas-hogar-1.jpg 850w\" sizes=\"auto, (min-width: 781px) 360px, calc(100vw - 30px)\" \/>\t\t\t\t\t\t\t\t\t\t\t\t\t<div class=\"overlay\">\n\t\t\t\t\t\t\t\t<div class=\"vertical-center\">\n\t\t\t\t\t\t\t\t\t<span>Leer m\u00e1s<\/span>\n\t\t\t\t\t\t\t\t<\/div>\n\t\t\t\t\t\t\t<\/div>\n\t\t\t\t\t\t\t\t\t\t\t<\/a>\n\t\t\t\t\t\t\t\t<h5 class=\"title\">\n\t\t\t\t\t<a href=\"https:\/\/ecoyambiente.com\/?page_id=7390\">Hogar<\/a>\n\t\t\t\t<\/h5>\n\t\t\t\t\t\t\t\t\t<p>Puede usarse dentro de la casa, es inodoro, es un producto natural y no deja manchas, elimina los insectos en cualquier parte del hogar, es decir que se puede aplicar en:\n\n \tLa cocina&hellip;<\/p>\n\t\t\t\t\t\t\t\t\t\t\t\t\t<a href=\"https:\/\/ecoyambiente.com\/?page_id=7390\" class=\"more\">Leer m\u00e1s<\/a>\n\t\t\t\t\t\t\t<\/div>\n\n\t\t\t<\/div><\/div><div id=\"pgc-921-0-2\"  class=\"panel-grid-cell\" ><div id=\"panel-921-0-2-0\" class=\"so-panel widget widget_qt_feature_page widget-featured-page panel-first-child panel-last-child\" data-index=\"2\" >\n\t\t\t<div class=\"post-item page\">\n\t\t\t\t\t\t\t\t\t<a href=\"https:\/\/ecoyambiente.com\/?page_id=7391\" class=\"post-item-image\">\n\t\t\t\t\t\t<img loading=\"lazy\" decoding=\"async\" width=\"360\" height=\"240\" src=\"https:\/\/ecoyambiente.com\/wp-content\/uploads\/2021\/08\/insecticidas-jardin-1-360x240.jpg\" class=\"attachment-thelandscaper-featured-thumb size-thelandscaper-featured-thumb\" alt=\"Insecticidas ecol\u00f3gicos para jardines\" srcset=\"https:\/\/ecoyambiente.com\/wp-content\/uploads\/2021\/08\/insecticidas-jardin-1-360x240.jpg 360w, https:\/\/ecoyambiente.com\/wp-content\/uploads\/2021\/08\/insecticidas-jardin-1-400x267.jpg 400w, https:\/\/ecoyambiente.com\/wp-content\/uploads\/2021\/08\/insecticidas-jardin-1-600x400.jpg 600w, https:\/\/ecoyambiente.com\/wp-content\/uploads\/2021\/08\/insecticidas-jardin-1-300x200.jpg 300w, https:\/\/ecoyambiente.com\/wp-content\/uploads\/2021\/08\/insecticidas-jardin-1-768x512.jpg 768w, https:\/\/ecoyambiente.com\/wp-content\/uploads\/2021\/08\/insecticidas-jardin-1.jpg 850w\" sizes=\"auto, (min-width: 781px) 360px, calc(100vw - 30px)\" \/>\t\t\t\t\t\t\t\t\t\t\t\t\t<div class=\"overlay\">\n\t\t\t\t\t\t\t\t<div class=\"vertical-center\">\n\t\t\t\t\t\t\t\t\t<span>Leer m\u00e1s<\/span>\n\t\t\t\t\t\t\t\t<\/div>\n\t\t\t\t\t\t\t<\/div>\n\t\t\t\t\t\t\t\t\t\t\t<\/a>\n\t\t\t\t\t\t\t\t<h5 class=\"title\">\n\t\t\t\t\t<a href=\"https:\/\/ecoyambiente.com\/?page_id=7391\">Jardines y Huertas<\/a>\n\t\t\t\t<\/h5>\n\t\t\t\t\t\t\t\t\t<p>Puede usarse en plantas, flores, c\u00e9sped, frutales y en la huerta familiar. Se puede aplicar en polvo, mediante una talquera o un espolvoreador. Aplicar directamente sobre las plantas&hellip;<\/p>\n\t\t\t\t\t\t\t\t\t\t\t\t\t<a href=\"https:\/\/ecoyambiente.com\/?page_id=7391\" class=\"more\">Leer m\u00e1s<\/a>\n\t\t\t\t\t\t\t<\/div>\n\n\t\t\t<\/div><\/div><\/div><div id=\"pg-921-1\"  class=\"panel-grid panel-no-style\" ><div id=\"pgc-921-1-0\"  class=\"panel-grid-cell\" ><div id=\"panel-921-1-0-0\" class=\"so-panel widget widget_qt_feature_page widget-featured-page panel-first-child panel-last-child\" data-index=\"3\" >\n\t\t\t<div class=\"post-item page\">\n\t\t\t\t\t\t\t\t\t<a href=\"https:\/\/ecoyambiente.com\/?page_id=7392\" class=\"post-item-image\">\n\t\t\t\t\t\t<img loading=\"lazy\" decoding=\"async\" width=\"360\" height=\"240\" src=\"https:\/\/ecoyambiente.com\/wp-content\/uploads\/2021\/08\/insecticidas-frutihorticola-2-1-360x240.jpg\" class=\"attachment-thelandscaper-featured-thumb size-thelandscaper-featured-thumb\" alt=\"Insecticida ecol\u00f3gico para producci\u00f3n frutihort\u00edcola\" srcset=\"https:\/\/ecoyambiente.com\/wp-content\/uploads\/2021\/08\/insecticidas-frutihorticola-2-1-360x240.jpg 360w, https:\/\/ecoyambiente.com\/wp-content\/uploads\/2021\/08\/insecticidas-frutihorticola-2-1-400x267.jpg 400w, https:\/\/ecoyambiente.com\/wp-content\/uploads\/2021\/08\/insecticidas-frutihorticola-2-1-600x400.jpg 600w, https:\/\/ecoyambiente.com\/wp-content\/uploads\/2021\/08\/insecticidas-frutihorticola-2-1-300x200.jpg 300w, https:\/\/ecoyambiente.com\/wp-content\/uploads\/2021\/08\/insecticidas-frutihorticola-2-1-768x512.jpg 768w, https:\/\/ecoyambiente.com\/wp-content\/uploads\/2021\/08\/insecticidas-frutihorticola-2-1.jpg 850w\" sizes=\"auto, (min-width: 781px) 360px, calc(100vw - 30px)\" \/>\t\t\t\t\t\t\t\t\t\t\t\t\t<div class=\"overlay\">\n\t\t\t\t\t\t\t\t<div class=\"vertical-center\">\n\t\t\t\t\t\t\t\t\t<span>Leer m\u00e1s<\/span>\n\t\t\t\t\t\t\t\t<\/div>\n\t\t\t\t\t\t\t<\/div>\n\t\t\t\t\t\t\t\t\t\t\t<\/a>\n\t\t\t\t\t\t\t\t<h5 class=\"title\">\n\t\t\t\t\t<a href=\"https:\/\/ecoyambiente.com\/?page_id=7392\">Producci\u00f3n Frutihort\u00edcola<\/a>\n\t\t\t\t<\/h5>\n\t\t\t\t\t\t\t\t\t<p>Por el exclusivo modo de acci\u00f3n f\u00edsico \u2013 mec\u00e1nico de las diatomeas, existen algunas consideraciones que es importante tener en cuenta para lograr la m\u00e1xima eficacia en el control&hellip;<\/p>\n\t\t\t\t\t\t\t\t\t\t\t\t\t<a href=\"https:\/\/ecoyambiente.com\/?page_id=7392\" class=\"more\">Leer m\u00e1s<\/a>\n\t\t\t\t\t\t\t<\/div>\n\n\t\t\t<\/div><\/div><div id=\"pgc-921-1-1\"  class=\"panel-grid-cell\" ><div id=\"panel-921-1-1-0\" class=\"so-panel widget widget_qt_feature_page widget-featured-page panel-first-child panel-last-child\" data-index=\"4\" >\n\t\t\t<div class=\"post-item page\">\n\t\t\t\t\t\t\t\t\t<a href=\"https:\/\/ecoyambiente.com\/?page_id=7393\" class=\"post-item-image\">\n\t\t\t\t\t\t<img loading=\"lazy\" decoding=\"async\" width=\"360\" height=\"240\" src=\"https:\/\/ecoyambiente.com\/wp-content\/uploads\/2021\/08\/insecticidas-campos-1-360x240.jpg\" class=\"attachment-thelandscaper-featured-thumb size-thelandscaper-featured-thumb\" alt=\"Insecticida ecol\u00f3gico para campo\" srcset=\"https:\/\/ecoyambiente.com\/wp-content\/uploads\/2021\/08\/insecticidas-campos-1-360x240.jpg 360w, https:\/\/ecoyambiente.com\/wp-content\/uploads\/2021\/08\/insecticidas-campos-1-850x567.jpg 850w\" sizes=\"auto, (min-width: 781px) 360px, calc(100vw - 30px)\" \/>\t\t\t\t\t\t\t\t\t\t\t\t\t<div class=\"overlay\">\n\t\t\t\t\t\t\t\t<div class=\"vertical-center\">\n\t\t\t\t\t\t\t\t\t<span>Leer m\u00e1s<\/span>\n\t\t\t\t\t\t\t\t<\/div>\n\t\t\t\t\t\t\t<\/div>\n\t\t\t\t\t\t\t\t\t\t\t<\/a>\n\t\t\t\t\t\t\t\t<h5 class=\"title\">\n\t\t\t\t\t<a href=\"https:\/\/ecoyambiente.com\/?page_id=7393\">Campos<\/a>\n\t\t\t\t<\/h5>\n\t\t\t\t\t\t\t\t\t<p>PRINCIPIO ACTIVO\nTierra de Diatomea: las Diatomeas son los restos f\u00f3siles de millones de algas microsc\u00f3picas que se encuentran en los lechos de antiguos lagos. Actualmente son extra\u00eddas&hellip;<\/p>\n\t\t\t\t\t\t\t\t\t\t\t\t\t<a href=\"https:\/\/ecoyambiente.com\/?page_id=7393\" class=\"more\">Leer m\u00e1s<\/a>\n\t\t\t\t\t\t\t<\/div>\n\n\t\t\t<\/div><\/div><div id=\"pgc-921-1-2\"  class=\"panel-grid-cell\" ><div id=\"panel-921-1-2-0\" class=\"so-panel widget widget_qt_feature_page widget-featured-page panel-first-child panel-last-child\" data-index=\"5\" >\n\t\t\t<div class=\"post-item page\">\n\t\t\t\t\t\t\t\t\t<a href=\"https:\/\/ecoyambiente.com\/?page_id=7484\" class=\"post-item-image\">\n\t\t\t\t\t\t<img loading=\"lazy\" decoding=\"async\" width=\"360\" height=\"240\" src=\"https:\/\/ecoyambiente.com\/wp-content\/uploads\/2021\/08\/diatomeas-360x240.png\" class=\"attachment-thelandscaper-featured-thumb size-thelandscaper-featured-thumb\" alt=\"Estudio sobre Diatomeas\" srcset=\"\" sizes=\"auto, (min-width: 781px) 360px, calc(100vw - 30px)\" \/>\t\t\t\t\t\t\t\t\t\t\t\t\t<div class=\"overlay\">\n\t\t\t\t\t\t\t\t<div class=\"vertical-center\">\n\t\t\t\t\t\t\t\t\t<span>Leer m\u00e1s<\/span>\n\t\t\t\t\t\t\t\t<\/div>\n\t\t\t\t\t\t\t<\/div>\n\t\t\t\t\t\t\t\t\t\t\t<\/a>\n\t\t\t\t\t\t\t\t<h5 class=\"title\">\n\t\t\t\t\t<a href=\"https:\/\/ecoyambiente.com\/?page_id=7484\">Estudio sobre Diatomeas<\/a>\n\t\t\t\t<\/h5>\n\t\t\t\t\t\t\t\t\t<p>LAS DIATOMEAS SON LOS ESQUELETOS FOSILIZADOS DE ALGAS MICROSC\u00d3PICAS, QUE HAN ESTADO EN EL PLANETA POR MILLONES DE A\u00d1OS, SON RICAS EN MINERALES NECESARIOS PARA EL SUELO.\nLa Tierra&hellip;<\/p>\n\t\t\t\t\t\t\t\t\t\t\t\t\t<a href=\"https:\/\/ecoyambiente.com\/?page_id=7484\" class=\"more\">Leer m\u00e1s<\/a>\n\t\t\t\t\t\t\t<\/div>\n\n\t\t\t<\/div><\/div><\/div><div id=\"pg-921-2\"  class=\"panel-grid panel-has-style\" ><div class=\"siteorigin-panels-stretch panel-row-style panel-row-style-for-921-2\" data-stretch-type=\"full\" ><div id=\"pgc-921-2-0\"  class=\"panel-grid-cell\" ><div id=\"panel-921-2-0-0\" class=\"so-panel widget widget_qt_cta_banner widget-cta-banner panel-first-child panel-last-child\" data-index=\"6\" >\n\t\t\t<div class=\"cta-banner cta-inline\">\n\t\t\t\t<div class=\"cta-banner-text\">\n\t\t\t\t\t<div class=\"cta-banner-title\" style=\"color: #ffffff;\">Visite la tienda y adquiera nuestros insecticidas ecol\u00f3gicos. Hacemos env\u00edos a toda Argentina.<\/div>\n\t\t\t\t\t\t\t\t\t<\/div>\n\t\t\t\t<div class=\"cta-banner-buttons\">\n\t\t\t\t\t<a href=\"https:\/\/ecoyambiente.com\/tienda\/?page_id=5581\" class=\"btn btn-outline\" target=\"_self\">Quiero Comprar<\/a>\t\t\t\t<\/div>\n\t\t\t\t<div class=\"clearfix\"><\/div>\n\t\t\t<\/div>\n\n\t\t\t<\/div><\/div><\/div><\/div><\/div>","protected":false},"excerpt":{"rendered":"<p>Leer m\u00e1s Beneficios DISTINTOS DESDE EL ORIGEN Los insecticidas elaborados a base de qu\u00edmicos representan un riesgo para la salud de las personas, animales, y cultivos que pueden entrar en contacto con&hellip; Leer m\u00e1s Leer m\u00e1s Hogar Puede usarse dentro de la casa, es inodoro, es un producto natural y no deja manchas, elimina los [&hellip;]<\/p>\n","protected":false},"author":1,"featured_media":0,"parent":0,"menu_order":0,"comment_status":"closed","ping_status":"closed","template":"","meta":{"footnotes":""},"class_list":["post-921","page","type-page","status-publish","hentry"],"acf":[],"_links":{"self":[{"href":"https:\/\/ecoyambiente.com\/index.php?rest_route=\/wp\/v2\/pages\/921","targetHints":{"allow":["GET"]}}],"collection":[{"href":"https:\/\/ecoyambiente.com\/index.php?rest_route=\/wp\/v2\/pages"}],"about":[{"href":"https:\/\/ecoyambiente.com\/index.php?rest_route=\/wp\/v2\/types\/page"}],"author":[{"embeddable":true,"href":"https:\/\/ecoyambiente.com\/index.php?rest_route=\/wp\/v2\/users\/1"}],"replies":[{"embeddable":true,"href":"https:\/\/ecoyambiente.com\/index.php?rest_route=%2Fwp%2Fv2%2Fcomments&post=921"}],"version-history":[{"count":16,"href":"https:\/\/ecoyambiente.com\/index.php?rest_route=\/wp\/v2\/pages\/921\/revisions"}],"predecessor-version":[{"id":7611,"href":"https:\/\/ecoyambiente.com\/index.php?rest_route=\/wp\/v2\/pages\/921\/revisions\/7611"}],"wp:attachment":[{"href":"https:\/\/ecoyambiente.com\/index.php?rest_route=%2Fwp%2Fv2%2Fmedia&parent=921"}],"curies":[{"name":"wp","href":"https:\/\/api.w.org\/{rel}","templated":true}]}}