{"id":7393,"date":"2021-08-14T15:08:19","date_gmt":"2021-08-14T18:08:19","guid":{"rendered":"https:\/\/ecoyambiente.com\/tienda\/?page_id=7393"},"modified":"2021-09-03T00:15:17","modified_gmt":"2021-09-03T03:15:17","slug":"campos","status":"publish","type":"page","link":"https:\/\/ecoyambiente.com\/?page_id=7393","title":{"rendered":"Campos"},"content":{"rendered":"<div id=\"pl-7393\"  class=\"panel-layout\" ><div id=\"pg-7393-0\"  class=\"panel-grid panel-no-style\" ><div id=\"pgc-7393-0-0\"  class=\"panel-grid-cell\" ><div id=\"panel-7393-0-0-0\" class=\"so-panel widget widget_black-studio-tinymce widget_black_studio_tinymce panel-first-child panel-last-child\" data-index=\"0\" ><div class=\"textwidget\"><h3><span style=\"color: #9fc612;\">PRINCIPIO ACTIVO<\/span><\/h3>\n<p><strong>Tierra de Diatomea:<\/strong> las Diatomeas son los restos f\u00f3siles de millones de algas microsc\u00f3picas que se encuentran en los lechos de antiguos lagos. Actualmente son extra\u00eddas de los yacimientos ubicados en lo alto de la Cordillera de los Andes.<\/p>\n<p>&nbsp;<\/p>\n<h3><span style=\"color: #9fc612;\">FORMULACI\u00d3N<\/span><\/h3>\n<p>Tierra de Diatomea: 100%<\/p>\n<p>&nbsp;<\/p>\n<h3><span style=\"color: #9fc612;\">USOS<\/span><\/h3>\n<ul>\n<li>Las diatomeas micronizadas Eco y Ambiente act\u00faan en forma preventiva controlando la infestaci\u00f3n del grano.<\/li>\n<li>Por su exclusiva acci\u00f3n f\u00edsico-mec\u00e1nica (a diferencia de los qu\u00edmicos) no genera ning\u00fan tipo de resistencia en los insectos, manteni\u00e9ndose siempre tan potente como el primer d\u00eda.<\/li>\n<li>Las diatomeas micronizadas Eco y Ambiente destruyen la cubierta cerosa de los insectos, absorbiendo sus l\u00edquidos corporales y sec\u00e1ndolos por completo; es por ello que combate todo tipo de insectos. Se puede utilizar sobre todos los cereales, oleaginosas y leguminosas en forma directa sobre el grano, en instalaciones y en todo tipo de transporte.<\/li>\n<\/ul>\n<p>&nbsp;<\/p>\n<h3><span style=\"color: #9fc612;\">BENEFICIOS<\/span><\/h3>\n<ul>\n<li>Diatomea micronizada Eco y Ambiente, no es un veneno, es ecol\u00f3gico y no toxico.<\/li>\n<li>Diatomea micronizada Eco y Ambiente, aplicado a las dosis recomendadas, brinda protecci\u00f3n a los granos durante periodos superiores a un a\u00f1o.<\/li>\n<li>Diatomea micronizada Eco y Ambiente, evita continuos gastos por tratamientos con insecticidas no residuales, mermas por grano picado, disminuci\u00f3n de la calidad industrial del grano tratado, gastos por sucesivos transitados de la masa del grano, gastos por rechazo de camiones en destino y reduce al m\u00ednimo los costos operativos al realizar solamente una aplicaci\u00f3n.<\/li>\n<li>Diatomea micronizada Eco y Ambiente, \u00fanico apto para productos org\u00e1nicos.<\/li>\n<\/ul>\n<p>&nbsp;<\/p>\n<h3><span style=\"color: #9fc612;\">SEGURIDAD<\/span><\/h3>\n<p>Las diatomeas micronizadas Eco y Ambiente, al ser un producto totalmente ecol\u00f3gico y no t\u00f3xico, no presentan riesgo alguno para las personas encargadas de aplicar el producto, as\u00ed como tampoco para animales y plantas. No transmiten mal olor ni color al grano tratado. No dejan residuos, de hecho los minerales que contiene enriquecen la calidad de los productos terminados.<br \/>\nLas diatomeas micronizadas Eco y Ambiente no tienen restricciones de uso, despu\u00e9s de la aplicaci\u00f3n el consumo puede ser inmediato, tanto para humanos como para animales.<\/p>\n<p>&nbsp;<\/p>\n<h3><span style=\"color: #9fc612;\">APLICACI\u00d3N DIRECTA SOBRE GRANOS Y ALIMENTOS<\/span><\/h3>\n<p>Las diatomea micronizadas Eco y Ambiente se aplican directamente en polvo. La dosis a utilizar var\u00eda entre 250 a 500 grs. por tonelada. El encargado de planta decidir\u00e1 cual dosis utilizar de acuerdo a sus conocimientos del grano a tratar.<br \/>\nLos tratamientos pueden efectuarse en cualquier momento, inclusive antes del proceso de secado.<\/p>\n<ul>\n<li>Dosis Diatomea: 250\/500 gramos por tonelada.<\/li>\n<li>Per\u00edodo de protecci\u00f3n: 12 meses.<\/li>\n<\/ul>\n<p>&nbsp;<\/p>\n<h3><span style=\"color: #9fc612;\">APLICACI\u00d3N DIRECTA SOBRE GRANOS Y ALIMENTOS EMBOLSADOS<\/span><\/h3>\n<p>Las diatomeas micronizadas Eco y Ambiente protegen los granos embolsados de las infestaciones exteriores de insectos. Tratar cada camada de bolsas al ir haciendo la estiba y las partes externas de estas una vez terminadas, aplicando las diatomeas de manera de cubrir toda la superficie de la bolsa.<\/p>\n<p>&nbsp;<\/p>\n<h3><span style=\"color: #9fc612;\">TRATAMIENTOS DE INSTALACIONES<\/span><\/h3>\n<p>Las diatomeas micronizadas Eco y Ambiente controlan los insectos que se encuentran en grietas, entre chapas, desechos de granos en dep\u00f3sitos, galpones, silos, bodegas y medios de transporte aplicando el producto en polvo mediante un insuflador de manera de cubrir la mayor superficie posible. No es necesario repetir el tratamiento ya que su efecto residual es superior a un a\u00f1o.<\/p>\n<p>&nbsp;<\/p>\n<h3><span style=\"color: #9fc612;\">PRESENTACI\u00d3N DEL PRODUCTO<\/span><\/h3>\n<p>El producto se presenta en bolsas de 2 kg y 5 kg. Controla, entre otros, los siguientes insectos:<\/p>\n<ul>\n<li>Sitophilus oryzae (gorgojo del arroz).<\/li>\n<li>Tribolium sp. (gorgojo casta\u00f1o de la harina).<\/li>\n<li>Lasioderma serricorne (carcoma del tabaco).<\/li>\n<li>Sitophilus zeamais (gorgojo del maiz).<\/li>\n<li>Rhizopertha dominica (taladrillo).<\/li>\n<li>Oryzaeohilus surinamensis (carcoma dentada).<\/li>\n<li>Laemophloeus sp. (carcoma achatada).<\/li>\n<li>Tenebroides mauritanicus (carcoma grande de los granos).<\/li>\n<li>Acanthoscelides obtectos (gorgojo del poroto).<\/li>\n<\/ul>\n<p><strong>SENASA N\u00ba: 33725<\/strong><\/p>\n<\/div><\/div><\/div><div id=\"pgc-7393-0-1\"  class=\"panel-grid-cell\" ><div id=\"panel-7393-0-1-0\" class=\"so-panel widget widget_black-studio-tinymce widget_black_studio_tinymce panel-first-child panel-last-child\" data-index=\"1\" ><div class=\"textwidget\"><p><img loading=\"lazy\" decoding=\"async\" class=\"alignnone size-full wp-image-7480\" src=\"https:\/\/ecoyambiente.com\/tienda\/wp-content\/uploads\/2021\/08\/insecticidas-campos-1.jpg\" alt=\"Insecticida ecol\u00f3gico para campo\" width=\"850\" height=\"1190\" srcset=\"https:\/\/ecoyambiente.com\/wp-content\/uploads\/2021\/08\/insecticidas-campos-1.jpg 850w, https:\/\/ecoyambiente.com\/wp-content\/uploads\/2021\/08\/insecticidas-campos-1-400x560.jpg 400w, https:\/\/ecoyambiente.com\/wp-content\/uploads\/2021\/08\/insecticidas-campos-1-600x840.jpg 600w, https:\/\/ecoyambiente.com\/wp-content\/uploads\/2021\/08\/insecticidas-campos-1-214x300.jpg 214w, https:\/\/ecoyambiente.com\/wp-content\/uploads\/2021\/08\/insecticidas-campos-1-731x1024.jpg 731w, https:\/\/ecoyambiente.com\/wp-content\/uploads\/2021\/08\/insecticidas-campos-1-768x1075.jpg 768w\" sizes=\"auto, (max-width: 850px) 100vw, 850px\" \/><\/p>\n<p><img loading=\"lazy\" decoding=\"async\" class=\"alignnone size-full wp-image-7481\" src=\"https:\/\/ecoyambiente.com\/tienda\/wp-content\/uploads\/2021\/08\/insecticidas-campos-2.jpg\" alt=\"Insecticida ecol\u00f3gico para campo\" width=\"850\" height=\"1275\" srcset=\"https:\/\/ecoyambiente.com\/wp-content\/uploads\/2021\/08\/insecticidas-campos-2.jpg 850w, https:\/\/ecoyambiente.com\/wp-content\/uploads\/2021\/08\/insecticidas-campos-2-400x600.jpg 400w, https:\/\/ecoyambiente.com\/wp-content\/uploads\/2021\/08\/insecticidas-campos-2-600x900.jpg 600w, https:\/\/ecoyambiente.com\/wp-content\/uploads\/2021\/08\/insecticidas-campos-2-200x300.jpg 200w, https:\/\/ecoyambiente.com\/wp-content\/uploads\/2021\/08\/insecticidas-campos-2-683x1024.jpg 683w, https:\/\/ecoyambiente.com\/wp-content\/uploads\/2021\/08\/insecticidas-campos-2-768x1152.jpg 768w\" sizes=\"auto, (max-width: 850px) 100vw, 850px\" \/><\/p>\n<\/div><\/div><\/div><\/div><div id=\"pg-7393-1\"  class=\"panel-grid panel-no-style\" ><div id=\"pgc-7393-1-0\"  class=\"panel-grid-cell\" ><div id=\"panel-7393-1-0-0\" class=\"so-panel widget widget_black-studio-tinymce widget_black_studio_tinymce panel-first-child panel-last-child\" data-index=\"2\" ><div class=\"textwidget\"><p><img loading=\"lazy\" decoding=\"async\" class=\"size-full wp-image-6403 aligncenter\" src=\"http:\/\/export-xml.qreativethemes.com\/thelandscaper\/wp-content\/uploads\/sites\/2\/2015\/07\/img_divider.png\" alt=\"img_divider\" width=\"1128\" height=\"14\" srcset=\"https:\/\/ecoyambiente.com\/wp-content\/uploads\/2015\/07\/img_divider.png 1128w, https:\/\/ecoyambiente.com\/wp-content\/uploads\/2015\/07\/img_divider-400x5.png 400w, https:\/\/ecoyambiente.com\/wp-content\/uploads\/2015\/07\/img_divider-600x7.png 600w\" sizes=\"auto, (max-width: 1128px) 100vw, 1128px\" \/><\/p>\n<\/div><\/div><\/div><\/div><div id=\"pg-7393-2\"  class=\"panel-grid panel-has-style\" ><div class=\"siteorigin-panels-stretch panel-row-style panel-row-style-for-7393-2\" data-stretch-type=\"full\" ><div id=\"pgc-7393-2-0\"  class=\"panel-grid-cell\" ><div id=\"panel-7393-2-0-0\" class=\"so-panel widget widget_qt_cta_banner widget-cta-banner panel-first-child panel-last-child\" data-index=\"3\" >\n\t\t\t<div class=\"cta-banner cta-inline\">\n\t\t\t\t<div class=\"cta-banner-text\">\n\t\t\t\t\t<div class=\"cta-banner-title\" style=\"color: #ffffff;\">Visite la tienda y adquiera nuestros insecticidas ecol\u00f3gicos. Hacemos env\u00edos a toda Argentina.<\/div>\n\t\t\t\t\t\t\t\t\t<\/div>\n\t\t\t\t<div class=\"cta-banner-buttons\">\n\t\t\t\t\t<a href=\"https:\/\/ecoyambiente.com\/tienda\/?page_id=5581\" class=\"btn btn-outline\" target=\"_self\">Quiero Comprar<\/a>\t\t\t\t<\/div>\n\t\t\t\t<div class=\"clearfix\"><\/div>\n\t\t\t<\/div>\n\n\t\t\t<\/div><\/div><\/div><\/div><\/div>","protected":false},"excerpt":{"rendered":"<p>PRINCIPIO ACTIVO Tierra de Diatomea: las Diatomeas son los restos f\u00f3siles de millones de algas microsc\u00f3picas que se encuentran en los lechos de antiguos lagos. Actualmente son extra\u00eddas de los yacimientos ubicados en lo alto de la Cordillera de los Andes. &nbsp; FORMULACI\u00d3N Tierra de Diatomea: 100% &nbsp; USOS Las diatomeas micronizadas Eco y Ambiente [&hellip;]<\/p>\n","protected":false},"author":1,"featured_media":7480,"parent":921,"menu_order":0,"comment_status":"closed","ping_status":"closed","template":"","meta":{"footnotes":""},"class_list":["post-7393","page","type-page","status-publish","has-post-thumbnail","hentry"],"acf":[],"_links":{"self":[{"href":"https:\/\/ecoyambiente.com\/index.php?rest_route=\/wp\/v2\/pages\/7393","targetHints":{"allow":["GET"]}}],"collection":[{"href":"https:\/\/ecoyambiente.com\/index.php?rest_route=\/wp\/v2\/pages"}],"about":[{"href":"https:\/\/ecoyambiente.com\/index.php?rest_route=\/wp\/v2\/types\/page"}],"author":[{"embeddable":true,"href":"https:\/\/ecoyambiente.com\/index.php?rest_route=\/wp\/v2\/users\/1"}],"replies":[{"embeddable":true,"href":"https:\/\/ecoyambiente.com\/index.php?rest_route=%2Fwp%2Fv2%2Fcomments&post=7393"}],"version-history":[{"count":17,"href":"https:\/\/ecoyambiente.com\/index.php?rest_route=\/wp\/v2\/pages\/7393\/revisions"}],"predecessor-version":[{"id":7853,"href":"https:\/\/ecoyambiente.com\/index.php?rest_route=\/wp\/v2\/pages\/7393\/revisions\/7853"}],"up":[{"embeddable":true,"href":"https:\/\/ecoyambiente.com\/index.php?rest_route=\/wp\/v2\/pages\/921"}],"wp:featuredmedia":[{"embeddable":true,"href":"https:\/\/ecoyambiente.com\/index.php?rest_route=\/wp\/v2\/media\/7480"}],"wp:attachment":[{"href":"https:\/\/ecoyambiente.com\/index.php?rest_route=%2Fwp%2Fv2%2Fmedia&parent=7393"}],"curies":[{"name":"wp","href":"https:\/\/api.w.org\/{rel}","templated":true}]}}