{"id":7392,"date":"2021-08-14T15:07:44","date_gmt":"2021-08-14T18:07:44","guid":{"rendered":"https:\/\/ecoyambiente.com\/tienda\/?page_id=7392"},"modified":"2021-08-26T14:50:34","modified_gmt":"2021-08-26T17:50:34","slug":"produccion-frutihorticola","status":"publish","type":"page","link":"https:\/\/ecoyambiente.com\/?page_id=7392","title":{"rendered":"Producci\u00f3n Frutihort\u00edcola"},"content":{"rendered":"<div id=\"pl-7392\"  class=\"panel-layout\" ><div id=\"pg-7392-0\"  class=\"panel-grid panel-no-style\" ><div id=\"pgc-7392-0-0\"  class=\"panel-grid-cell\" ><div id=\"panel-7392-0-0-0\" class=\"so-panel widget widget_black-studio-tinymce widget_black_studio_tinymce panel-first-child panel-last-child\" data-index=\"0\" ><div class=\"textwidget\"><p>Por el exclusivo modo de acci\u00f3n f\u00edsico \u2013 mec\u00e1nico de las diatomeas, existen algunas consideraciones que es importante tener en cuenta para lograr la m\u00e1xima eficacia en el control de plagas con diatomeas micronizadas Eco y Ambiente en explotaciones frutihort\u00edcolas comerciales.<\/p>\n<p>Un requisito fundamental para que se alcance la eficacia deseada con diatomeas micronizadas Eco y Ambiente es la cobertura suficiente de la superficie de las plantas o el suelo (seg\u00fan el insecto que se desee combatir). Para lograr esto, se recurre a dos modos alternativos de aplicaci\u00f3n:<\/p>\n<ul>\n<li><strong>En polvo<\/strong>, mediante el uso de espolvoreadores o insufladores manuales o mec\u00e1nicos, que forman una \u201cnube\u201d de diatomeas micronizadas Eco y Ambiente que se deposita en forma suave y homog\u00e9nea en toda la superficie tratada, logrando una distribuci\u00f3n \u00f3ptima.<\/li>\n<li><strong>En suspensi\u00f3n acuosa<\/strong>, al 1 o 2%, al aplicar mediante pulverizadores, se moja bien la superficie a tratar y al secarse, queda cubierta por una delgada pel\u00edcula de diatomeas micronizadas Eco y Ambiente, suficiente para garantizar su efectividad.<\/li>\n<\/ul>\n<p>Las diatomeas micronizadas Eco y Ambiente brindan un control muy eficiente sobre la mayor\u00eda de los insectos da\u00f1inos, porque en virtud de su modo de acci\u00f3n totalmente diferente al de los productos tradicionales, no s\u00f3lo no genera resistencia sino que ataca efectivamente insectos resistentes a los mismos.<\/p>\n<p>Por su formulaci\u00f3n a base de tierras de diatomea, diatomeas micronizadas Eco y Ambiente es un producto pr\u00e1cticamente at\u00f3xico; no existen riesgos de contaminaci\u00f3n del producto final con residuos peligrosos, lo que convierte a las diatomeas micronizadas Eco y Ambiente en la alternativa m\u00e1s segura para el control de plagas en la producci\u00f3n de alimentos para el consumo humano.<\/p>\n<p>La dosis de diatomeas micronizadas Eco y Ambiente es variable, dependiendo del estado vegetativo y la superficie foliar total del cultivo, pero a modo de orientaci\u00f3n se puede estimar en alrededor de 3 kg\/ha.<\/p>\n<p>La acci\u00f3n residual de diatomeas micronizadas Eco y Ambiente es pr\u00e1cticamente ilimitada, mientras el producto permanezca disponible; en el interior de galpones y silos, o en cultivos bajo cubierta regados por goteo, puede mantener su eficacia durante largo tiempo, pero en cultivos a la intemperie, una lluvia fuerte o el riego por aspersi\u00f3n pueden producir el \u201clavado\u201d de las diatomeas con la consiguiente reducci\u00f3n, en mayor o menor grado, de su efecto de control. En este momento, las diatomeas micronizadas Eco y Ambiente se incorporan al suelo y ejercen un importante efecto fertilizante.<\/p>\n<p>Adem\u00e1s de su efecto insecticida, las diatomeas de Eco y Ambiente contienen 38 oligoelementos que tienen un poderoso efecto fertilizante, estimulando un desarrollo m\u00e1s sano de las plantas. Es bien sabido que las plantas sanas, adem\u00e1s de tener una producci\u00f3n mayor, tienen una mejor resistencia natural al ataque de plagas y enfermedades.<\/p>\n<p>Las diatomeas micronizadas Eco y Ambiente act\u00faan tambi\u00e9n como importante barrera natural contra insectos, como \u00e1caros y distintas plagas de los cultivos tales como:<\/p>\n<ul>\n<li>Ara\u00f1uelas (Tetranychus urticae).<\/li>\n<li>Babosas (Agriolimax sp) y Caracoles (Helix sp).<\/li>\n<li>Chinche verde peque\u00f1a o Chinche de la alfalfa (Piezodorus guildinii).<\/li>\n<li>Cochinillas (Dactylopius coccus).<\/li>\n<li>Gorgojos y picudos (Curculi\u00f3nidos) .<\/li>\n<li>Gusano Barrenador del ma\u00edz (Elasmopalpus angustellus).<\/li>\n<li>Gusano de la Pera y de la Manzana (Carpocapsa).<\/li>\n<li>Gusano del brote del duraznero (Grafolita).<\/li>\n<li>Moscas blancas y Trips (Thysanoptera).<\/li>\n<li>Oruga de los pantanos (Estigmene acrea).<\/li>\n<li>Peste del Ajo (Dytilenchus dipsase).<\/li>\n<li>Polilla del Tomate (Meyrick).<\/li>\n<li>Pulgones (Afididos).<\/li>\n<\/ul>\n<\/div><\/div><\/div><div id=\"pgc-7392-0-1\"  class=\"panel-grid-cell\" ><div id=\"panel-7392-0-1-0\" class=\"so-panel widget widget_black-studio-tinymce widget_black_studio_tinymce panel-first-child panel-last-child\" data-index=\"1\" ><div class=\"textwidget\"><p><img loading=\"lazy\" decoding=\"async\" class=\"alignnone size-full wp-image-7467\" src=\"https:\/\/ecoyambiente.com\/tienda\/wp-content\/uploads\/2021\/08\/insecticidas-frutihorticola-2-1.jpg\" alt=\"Insecticida ecol\u00f3gico para producci\u00f3n frutihort\u00edcola\" width=\"850\" height=\"567\" srcset=\"https:\/\/ecoyambiente.com\/wp-content\/uploads\/2021\/08\/insecticidas-frutihorticola-2-1.jpg 850w, https:\/\/ecoyambiente.com\/wp-content\/uploads\/2021\/08\/insecticidas-frutihorticola-2-1-400x267.jpg 400w, https:\/\/ecoyambiente.com\/wp-content\/uploads\/2021\/08\/insecticidas-frutihorticola-2-1-600x400.jpg 600w, https:\/\/ecoyambiente.com\/wp-content\/uploads\/2021\/08\/insecticidas-frutihorticola-2-1-300x200.jpg 300w, https:\/\/ecoyambiente.com\/wp-content\/uploads\/2021\/08\/insecticidas-frutihorticola-2-1-768x512.jpg 768w, https:\/\/ecoyambiente.com\/wp-content\/uploads\/2021\/08\/insecticidas-frutihorticola-2-1-360x240.jpg 360w\" sizes=\"auto, (max-width: 850px) 100vw, 850px\" \/><\/p>\n<p><img loading=\"lazy\" decoding=\"async\" class=\"alignnone size-full wp-image-7473\" src=\"https:\/\/ecoyambiente.com\/tienda\/wp-content\/uploads\/2021\/08\/insecticidas-frutihorticola-3.jpg\" alt=\"Insecticida ecol\u00f3gico para producci\u00f3n frutihort\u00edcola\" width=\"850\" height=\"568\" srcset=\"https:\/\/ecoyambiente.com\/wp-content\/uploads\/2021\/08\/insecticidas-frutihorticola-3.jpg 850w, https:\/\/ecoyambiente.com\/wp-content\/uploads\/2021\/08\/insecticidas-frutihorticola-3-400x267.jpg 400w, https:\/\/ecoyambiente.com\/wp-content\/uploads\/2021\/08\/insecticidas-frutihorticola-3-600x401.jpg 600w, https:\/\/ecoyambiente.com\/wp-content\/uploads\/2021\/08\/insecticidas-frutihorticola-3-300x200.jpg 300w, https:\/\/ecoyambiente.com\/wp-content\/uploads\/2021\/08\/insecticidas-frutihorticola-3-768x513.jpg 768w, https:\/\/ecoyambiente.com\/wp-content\/uploads\/2021\/08\/insecticidas-frutihorticola-3-360x240.jpg 360w\" sizes=\"auto, (max-width: 850px) 100vw, 850px\" \/><\/p>\n<\/div><\/div><\/div><\/div><div id=\"pg-7392-1\"  class=\"panel-grid panel-no-style\" ><div id=\"pgc-7392-1-0\"  class=\"panel-grid-cell\" ><div id=\"panel-7392-1-0-0\" class=\"so-panel widget widget_black-studio-tinymce widget_black_studio_tinymce panel-first-child panel-last-child\" data-index=\"2\" ><div class=\"textwidget\"><p><img loading=\"lazy\" decoding=\"async\" class=\"size-full wp-image-6403 aligncenter\" src=\"http:\/\/export-xml.qreativethemes.com\/thelandscaper\/wp-content\/uploads\/sites\/2\/2015\/07\/img_divider.png\" alt=\"img_divider\" width=\"1128\" height=\"14\" srcset=\"https:\/\/ecoyambiente.com\/wp-content\/uploads\/2015\/07\/img_divider.png 1128w, https:\/\/ecoyambiente.com\/wp-content\/uploads\/2015\/07\/img_divider-400x5.png 400w, https:\/\/ecoyambiente.com\/wp-content\/uploads\/2015\/07\/img_divider-600x7.png 600w\" sizes=\"auto, (max-width: 1128px) 100vw, 1128px\" \/><\/p>\n<\/div><\/div><\/div><\/div><div id=\"pg-7392-2\"  class=\"panel-grid panel-has-style\" ><div class=\"siteorigin-panels-stretch panel-row-style panel-row-style-for-7392-2\" data-stretch-type=\"full\" ><div id=\"pgc-7392-2-0\"  class=\"panel-grid-cell\" ><div id=\"panel-7392-2-0-0\" class=\"so-panel widget widget_qt_cta_banner widget-cta-banner panel-first-child panel-last-child\" data-index=\"3\" >\n\t\t\t<div class=\"cta-banner cta-inline\">\n\t\t\t\t<div class=\"cta-banner-text\">\n\t\t\t\t\t<div class=\"cta-banner-title\" style=\"color: #ffffff;\">Visite la tienda y adquiera nuestros insecticidas ecol\u00f3gicos. Hacemos env\u00edos a toda Argentina.<\/div>\n\t\t\t\t\t\t\t\t\t<\/div>\n\t\t\t\t<div class=\"cta-banner-buttons\">\n\t\t\t\t\t<a href=\"https:\/\/ecoyambiente.com\/tienda\/?page_id=5581\" class=\"btn btn-outline\" target=\"_self\">Quiero Comprar<\/a>\t\t\t\t<\/div>\n\t\t\t\t<div class=\"clearfix\"><\/div>\n\t\t\t<\/div>\n\n\t\t\t<\/div><\/div><\/div><\/div><\/div>","protected":false},"excerpt":{"rendered":"<p>Por el exclusivo modo de acci\u00f3n f\u00edsico \u2013 mec\u00e1nico de las diatomeas, existen algunas consideraciones que es importante tener en cuenta para lograr la m\u00e1xima eficacia en el control de plagas con diatomeas micronizadas Eco y Ambiente en explotaciones frutihort\u00edcolas comerciales. Un requisito fundamental para que se alcance la eficacia deseada con diatomeas micronizadas Eco [&hellip;]<\/p>\n","protected":false},"author":1,"featured_media":7467,"parent":921,"menu_order":0,"comment_status":"closed","ping_status":"closed","template":"","meta":{"footnotes":""},"class_list":["post-7392","page","type-page","status-publish","has-post-thumbnail","hentry"],"acf":[],"_links":{"self":[{"href":"https:\/\/ecoyambiente.com\/index.php?rest_route=\/wp\/v2\/pages\/7392","targetHints":{"allow":["GET"]}}],"collection":[{"href":"https:\/\/ecoyambiente.com\/index.php?rest_route=\/wp\/v2\/pages"}],"about":[{"href":"https:\/\/ecoyambiente.com\/index.php?rest_route=\/wp\/v2\/types\/page"}],"author":[{"embeddable":true,"href":"https:\/\/ecoyambiente.com\/index.php?rest_route=\/wp\/v2\/users\/1"}],"replies":[{"embeddable":true,"href":"https:\/\/ecoyambiente.com\/index.php?rest_route=%2Fwp%2Fv2%2Fcomments&post=7392"}],"version-history":[{"count":25,"href":"https:\/\/ecoyambiente.com\/index.php?rest_route=\/wp\/v2\/pages\/7392\/revisions"}],"predecessor-version":[{"id":7719,"href":"https:\/\/ecoyambiente.com\/index.php?rest_route=\/wp\/v2\/pages\/7392\/revisions\/7719"}],"up":[{"embeddable":true,"href":"https:\/\/ecoyambiente.com\/index.php?rest_route=\/wp\/v2\/pages\/921"}],"wp:featuredmedia":[{"embeddable":true,"href":"https:\/\/ecoyambiente.com\/index.php?rest_route=\/wp\/v2\/media\/7467"}],"wp:attachment":[{"href":"https:\/\/ecoyambiente.com\/index.php?rest_route=%2Fwp%2Fv2%2Fmedia&parent=7392"}],"curies":[{"name":"wp","href":"https:\/\/api.w.org\/{rel}","templated":true}]}}