{"id":7391,"date":"2021-08-14T15:07:14","date_gmt":"2021-08-14T18:07:14","guid":{"rendered":"https:\/\/ecoyambiente.com\/tienda\/?page_id=7391"},"modified":"2021-08-26T14:47:38","modified_gmt":"2021-08-26T17:47:38","slug":"jardines-y-huertas","status":"publish","type":"page","link":"https:\/\/ecoyambiente.com\/?page_id=7391","title":{"rendered":"Jardines y Huertas"},"content":{"rendered":"<div id=\"pl-7391\"  class=\"panel-layout\" ><div id=\"pg-7391-0\"  class=\"panel-grid panel-no-style\" ><div id=\"pgc-7391-0-0\"  class=\"panel-grid-cell\" ><div id=\"panel-7391-0-0-0\" class=\"so-panel widget widget_black-studio-tinymce widget_black_studio_tinymce panel-first-child panel-last-child\" data-index=\"0\" ><div class=\"textwidget\"><p>Puede usarse en plantas, flores, c\u00e9sped, frutales y en la huerta familiar. Se puede aplicar en polvo, mediante una talquera o un espolvoreador. Aplicar directamente sobre las plantas y la tierra procurando cubrir la mayor superficie, utilizando una minima cantidad de producto.<\/p>\n<p>En los vegetales, la tierra de diatomeas cumple un doble prop\u00f3sito: curar y nutrir. Adem\u00e1s de su efecto insecticida, las diatomeas aportan una gran riqueza en minerales y microminerales u oligoelementos. Estas sustancias son vitales para el metabolismo de los tejidos, pero generalmente est\u00e1n ausentes en suelos empobrecidos o agotados.<\/p>\n<p>Adem\u00e1s de eliminar los par\u00e1sitos y virus internos o externos, las diatomeas consiguen suplir carencias en las desmineralizadas tierras de cultivos que en ausencia de los microelementos, no pueden ser asimilados por las plantas.<\/p>\n<p>Se agita bien la mezcla y se aplica con un pulverizador com\u00fan sobre troncos, tallos y hojas, siendo totalmente inocua para plantas, animales y seres humanos.<\/p>\n<ul>\n<li><strong>Hormigas:<\/strong> Espolvorear abundantemente diatomeas micronizadas Eco y Ambiente preferentemente adentro y alrededor de todas las bocas del hormiguero. Para proteger una planta del ataque de las hormigas, espolvorear abundantemente diatomeas micronizadas Eco y Ambiente alrededor de su base.<\/li>\n<li><strong>Pulg\u00f3n, Ara\u00f1uela, Cochinilla, Trips, Mosca de la fruta, Mosca Blanca y todo tipo de insecto:<\/strong> Aplicar diatomeas micronizadas Eco y Ambiente en polvo o diluido en agua, cubriendo toda la superficie de la planta.<\/li>\n<\/ul>\n<p>En jardines y\/o en cultivos comerciales tambi\u00e9n controla: broca del caf\u00e9, polilla en papa, protege de heladas, chinches en pastos, orugas, babosas, caracoles, pulgones, grillos, ara\u00f1itas roja, chinches, langostas, etc.<\/p>\n<p>&nbsp;<\/p>\n<h3><span style=\"color: #9fc612;\">DOSIS ORIENTATIVAS<\/span><\/h3>\n<p>Las diatomeas micronizadas Eco y Ambiente se puede aplicarse diluido en agua al 2% (una cucharada sopera por litro) con pulverizadores de mano o mochila, mojando bien toda la superficie de la planta y tierra. Rinde de 50 a 100 grs. cada 100m2. pudiendo variar de acuerdo al estado vegetativo del cultivo (consulte a su asesor profesional).<\/p>\n<\/div><\/div><\/div><div id=\"pgc-7391-0-1\"  class=\"panel-grid-cell\" ><div id=\"panel-7391-0-1-0\" class=\"so-panel widget widget_black-studio-tinymce widget_black_studio_tinymce panel-first-child panel-last-child\" data-index=\"1\" ><div class=\"textwidget\"><p><img loading=\"lazy\" decoding=\"async\" class=\"alignnone wp-image-7444 size-full\" src=\"https:\/\/ecoyambiente.com\/tienda\/wp-content\/uploads\/2021\/08\/insecticidas-jardin-1.jpg\" alt=\"Insecticida ecol\u00f3gico para jard\u00edn\" width=\"850\" height=\"567\" srcset=\"https:\/\/ecoyambiente.com\/wp-content\/uploads\/2021\/08\/insecticidas-jardin-1.jpg 850w, https:\/\/ecoyambiente.com\/wp-content\/uploads\/2021\/08\/insecticidas-jardin-1-400x267.jpg 400w, https:\/\/ecoyambiente.com\/wp-content\/uploads\/2021\/08\/insecticidas-jardin-1-600x400.jpg 600w, https:\/\/ecoyambiente.com\/wp-content\/uploads\/2021\/08\/insecticidas-jardin-1-300x200.jpg 300w, https:\/\/ecoyambiente.com\/wp-content\/uploads\/2021\/08\/insecticidas-jardin-1-768x512.jpg 768w, https:\/\/ecoyambiente.com\/wp-content\/uploads\/2021\/08\/insecticidas-jardin-1-360x240.jpg 360w\" sizes=\"auto, (max-width: 850px) 100vw, 850px\" \/><\/p>\n<p><img loading=\"lazy\" decoding=\"async\" class=\"alignnone size-full wp-image-7445\" src=\"https:\/\/ecoyambiente.com\/tienda\/wp-content\/uploads\/2021\/08\/insecticidas-jardin-2.jpg\" alt=\"Insecticida ecol\u00f3gico para huerta\" width=\"850\" height=\"567\" srcset=\"https:\/\/ecoyambiente.com\/wp-content\/uploads\/2021\/08\/insecticidas-jardin-2.jpg 850w, https:\/\/ecoyambiente.com\/wp-content\/uploads\/2021\/08\/insecticidas-jardin-2-400x267.jpg 400w, https:\/\/ecoyambiente.com\/wp-content\/uploads\/2021\/08\/insecticidas-jardin-2-600x400.jpg 600w, https:\/\/ecoyambiente.com\/wp-content\/uploads\/2021\/08\/insecticidas-jardin-2-300x200.jpg 300w, https:\/\/ecoyambiente.com\/wp-content\/uploads\/2021\/08\/insecticidas-jardin-2-768x512.jpg 768w, https:\/\/ecoyambiente.com\/wp-content\/uploads\/2021\/08\/insecticidas-jardin-2-360x240.jpg 360w\" sizes=\"auto, (max-width: 850px) 100vw, 850px\" \/><\/p>\n<\/div><\/div><\/div><\/div><div id=\"pg-7391-1\"  class=\"panel-grid panel-no-style\" ><div id=\"pgc-7391-1-0\"  class=\"panel-grid-cell\" ><div id=\"panel-7391-1-0-0\" class=\"so-panel widget widget_black-studio-tinymce widget_black_studio_tinymce panel-first-child panel-last-child\" data-index=\"2\" ><div class=\"textwidget\"><p><img loading=\"lazy\" decoding=\"async\" class=\"size-full wp-image-6403 aligncenter\" src=\"http:\/\/export-xml.qreativethemes.com\/thelandscaper\/wp-content\/uploads\/sites\/2\/2015\/07\/img_divider.png\" alt=\"img_divider\" width=\"1128\" height=\"14\" srcset=\"https:\/\/ecoyambiente.com\/wp-content\/uploads\/2015\/07\/img_divider.png 1128w, https:\/\/ecoyambiente.com\/wp-content\/uploads\/2015\/07\/img_divider-400x5.png 400w, https:\/\/ecoyambiente.com\/wp-content\/uploads\/2015\/07\/img_divider-600x7.png 600w\" sizes=\"auto, (max-width: 1128px) 100vw, 1128px\" \/><\/p>\n<\/div><\/div><\/div><\/div><div id=\"pg-7391-2\"  class=\"panel-grid panel-has-style\" ><div class=\"siteorigin-panels-stretch panel-row-style panel-row-style-for-7391-2\" data-stretch-type=\"full\" ><div id=\"pgc-7391-2-0\"  class=\"panel-grid-cell\" ><div id=\"panel-7391-2-0-0\" class=\"so-panel widget widget_qt_cta_banner widget-cta-banner panel-first-child panel-last-child\" data-index=\"3\" >\n\t\t\t<div class=\"cta-banner cta-inline\">\n\t\t\t\t<div class=\"cta-banner-text\">\n\t\t\t\t\t<div class=\"cta-banner-title\" style=\"color: #ffffff;\">Visite la tienda y adquiera nuestros insecticidas ecol\u00f3gicos. Hacemos env\u00edos a toda Argentina.<\/div>\n\t\t\t\t\t\t\t\t\t<\/div>\n\t\t\t\t<div class=\"cta-banner-buttons\">\n\t\t\t\t\t<a href=\"https:\/\/ecoyambiente.com\/tienda\/?page_id=5581\" class=\"btn btn-outline\" target=\"_self\">Quiero Comprar<\/a>\t\t\t\t<\/div>\n\t\t\t\t<div class=\"clearfix\"><\/div>\n\t\t\t<\/div>\n\n\t\t\t<\/div><\/div><\/div><\/div><\/div>","protected":false},"excerpt":{"rendered":"<p>Puede usarse en plantas, flores, c\u00e9sped, frutales y en la huerta familiar. Se puede aplicar en polvo, mediante una talquera o un espolvoreador. Aplicar directamente sobre las plantas y la tierra procurando cubrir la mayor superficie, utilizando una minima cantidad de producto. En los vegetales, la tierra de diatomeas cumple un doble prop\u00f3sito: curar y [&hellip;]<\/p>\n","protected":false},"author":1,"featured_media":7444,"parent":921,"menu_order":0,"comment_status":"closed","ping_status":"closed","template":"","meta":{"footnotes":""},"class_list":["post-7391","page","type-page","status-publish","has-post-thumbnail","hentry"],"acf":[],"_links":{"self":[{"href":"https:\/\/ecoyambiente.com\/index.php?rest_route=\/wp\/v2\/pages\/7391","targetHints":{"allow":["GET"]}}],"collection":[{"href":"https:\/\/ecoyambiente.com\/index.php?rest_route=\/wp\/v2\/pages"}],"about":[{"href":"https:\/\/ecoyambiente.com\/index.php?rest_route=\/wp\/v2\/types\/page"}],"author":[{"embeddable":true,"href":"https:\/\/ecoyambiente.com\/index.php?rest_route=\/wp\/v2\/users\/1"}],"replies":[{"embeddable":true,"href":"https:\/\/ecoyambiente.com\/index.php?rest_route=%2Fwp%2Fv2%2Fcomments&post=7391"}],"version-history":[{"count":17,"href":"https:\/\/ecoyambiente.com\/index.php?rest_route=\/wp\/v2\/pages\/7391\/revisions"}],"predecessor-version":[{"id":7715,"href":"https:\/\/ecoyambiente.com\/index.php?rest_route=\/wp\/v2\/pages\/7391\/revisions\/7715"}],"up":[{"embeddable":true,"href":"https:\/\/ecoyambiente.com\/index.php?rest_route=\/wp\/v2\/pages\/921"}],"wp:featuredmedia":[{"embeddable":true,"href":"https:\/\/ecoyambiente.com\/index.php?rest_route=\/wp\/v2\/media\/7444"}],"wp:attachment":[{"href":"https:\/\/ecoyambiente.com\/index.php?rest_route=%2Fwp%2Fv2%2Fmedia&parent=7391"}],"curies":[{"name":"wp","href":"https:\/\/api.w.org\/{rel}","templated":true}]}}