{"id":7390,"date":"2021-08-14T15:06:42","date_gmt":"2021-08-14T18:06:42","guid":{"rendered":"https:\/\/ecoyambiente.com\/tienda\/?page_id=7390"},"modified":"2021-09-03T00:12:43","modified_gmt":"2021-09-03T03:12:43","slug":"hogar","status":"publish","type":"page","link":"https:\/\/ecoyambiente.com\/?page_id=7390","title":{"rendered":"Hogar"},"content":{"rendered":"<div id=\"pl-7390\"  class=\"panel-layout\" ><div id=\"pg-7390-0\"  class=\"panel-grid panel-no-style\" ><div id=\"pgc-7390-0-0\"  class=\"panel-grid-cell\" ><div id=\"panel-7390-0-0-0\" class=\"so-panel widget widget_black-studio-tinymce widget_black_studio_tinymce panel-first-child panel-last-child\" data-index=\"0\" ><div class=\"textwidget\"><p>Puede usarse dentro de la casa, es inodoro, es un producto natural y no deja manchas, elimina los insectos en cualquier parte del hogar, es decir que se puede aplicar en:<\/p>\n<ul>\n<li>La cocina (rincones).<\/li>\n<li>Detr\u00e1s de electrodom\u00e9sticos.<\/li>\n<li>Bajo mesadas.<\/li>\n<li>Despensas.<\/li>\n<li>Alfombras.<\/li>\n<li>Guardarropas.<\/li>\n<li>Entretechos.<\/li>\n<li>Rajaduras, grietas.<\/li>\n<li>Sectores oscuros, muy calurosos, fr\u00edos y h\u00famedos.<\/li>\n<li>Cuarto de herramientas.<\/li>\n<li>Galpones.<\/li>\n<li>Bauleras.<\/li>\n<li>Garages.<\/li>\n<li>Y en cualquier otro lugar que desee proteger de insectos.<\/li>\n<\/ul>\n<p>&nbsp;<\/p>\n<h3><span style=\"color: #9fc612;\">LAS DIATOMEAS MICRONIZADAS ECO Y AMBIENTE EST\u00c1N PENSADAS PARA CONSERVAR LA ARMON\u00cdA CON EL MEDIO AMBIENTE.<\/span><\/h3>\n<p>Se aplica directamente en polvo o diluido en agua al 2% (una cucharada sopera por litro) cubriendo las \u00e1reas donde habitan y\/o circulan los insectos.<\/p>\n<p>Cucarachas: Espolvorear diatomeas micronizadas Eco y Ambiente en los rincones, rejillas, detr\u00e1s de la cocina, alacenas debajo de la heladera, en los ba\u00f1os y en todos los rincones y lugares donde se observen insectos.<br \/>\nHormigas de interior: Aplicar diatomeas micronizadas Eco y Ambiente en polvo o diluido en los lugares de entrada de los insectos, as\u00ed como en los caminos y hormigueros.<br \/>\nPulgas y garrapatas: Espolvorear diatomeas micronizadas Eco y Ambiente directamente sobre alfombras, cuchas y canastos de los animales y dejar actuar al menos 2 d\u00edas. Tambi\u00e9n ayuda a eliminar olores.<br \/>\nSumados a estos ejemplos diatomeas micronizadas Eco y Ambiente controla tambi\u00e9n: polillas, moscas, mosquitos, jejenes, piojos, \u00e1caros, t\u00e1banos, termitas, escorpiones, alacranes y es de destacar su excelente resultado en el control definitivo de la vinchuca.<\/p>\n<p>&nbsp;<\/p>\n<h3><span style=\"color: #9fc612;\">DIATOMEAS MICRONIZADAS ECO Y AMBIENTE <\/span><span style=\"color: #9fc612;\">EN ANIMALES<\/span><\/h3>\n<p>Es el medio m\u00e1s eficaz, inocuo y econ\u00f3mico para combatir par\u00e1sitos externos (adultos y larvas) en animales dom\u00e9sticos y mascotas. Se aplica directamente en polvo sobre el pelo del animal, vali\u00e9ndose de una talquera com\u00fan. Posee grado alimenticio para los animales (desparasitaci\u00f3n).<\/p>\n<p>&nbsp;<\/p>\n<h3><span style=\"color: #9fc612;\">COMPOSICI\u00d3N DE LAS <\/span><span style=\"color: #9fc612;\">DIATOMEAS MICRONIZADAS<\/span><\/h3>\n<ul>\n<li>Tierra de Diatomeas: 100%<\/li>\n<\/ul>\n<\/div><\/div><\/div><div id=\"pgc-7390-0-1\"  class=\"panel-grid-cell\" ><div id=\"panel-7390-0-1-0\" class=\"so-panel widget widget_black-studio-tinymce widget_black_studio_tinymce panel-first-child panel-last-child\" data-index=\"1\" ><div class=\"textwidget\"><p><img loading=\"lazy\" decoding=\"async\" class=\"alignnone wp-image-7436 size-full\" src=\"https:\/\/ecoyambiente.com\/tienda\/wp-content\/uploads\/2021\/08\/insecticidas-hogar-1.jpg\" alt=\"Insecticidas para el hogar\" width=\"850\" height=\"567\" srcset=\"https:\/\/ecoyambiente.com\/wp-content\/uploads\/2021\/08\/insecticidas-hogar-1.jpg 850w, https:\/\/ecoyambiente.com\/wp-content\/uploads\/2021\/08\/insecticidas-hogar-1-400x267.jpg 400w, https:\/\/ecoyambiente.com\/wp-content\/uploads\/2021\/08\/insecticidas-hogar-1-600x400.jpg 600w, https:\/\/ecoyambiente.com\/wp-content\/uploads\/2021\/08\/insecticidas-hogar-1-300x200.jpg 300w, https:\/\/ecoyambiente.com\/wp-content\/uploads\/2021\/08\/insecticidas-hogar-1-768x512.jpg 768w, https:\/\/ecoyambiente.com\/wp-content\/uploads\/2021\/08\/insecticidas-hogar-1-360x240.jpg 360w\" sizes=\"auto, (max-width: 850px) 100vw, 850px\" \/><\/p>\n<p><img loading=\"lazy\" decoding=\"async\" class=\"alignnone size-full wp-image-7437\" src=\"https:\/\/ecoyambiente.com\/tienda\/wp-content\/uploads\/2021\/08\/insecticidas-hogar-2.jpg\" alt=\"Insecticidas para el hogar\" width=\"850\" height=\"1083\" srcset=\"https:\/\/ecoyambiente.com\/wp-content\/uploads\/2021\/08\/insecticidas-hogar-2.jpg 850w, https:\/\/ecoyambiente.com\/wp-content\/uploads\/2021\/08\/insecticidas-hogar-2-400x510.jpg 400w, https:\/\/ecoyambiente.com\/wp-content\/uploads\/2021\/08\/insecticidas-hogar-2-600x764.jpg 600w, https:\/\/ecoyambiente.com\/wp-content\/uploads\/2021\/08\/insecticidas-hogar-2-235x300.jpg 235w, https:\/\/ecoyambiente.com\/wp-content\/uploads\/2021\/08\/insecticidas-hogar-2-804x1024.jpg 804w, https:\/\/ecoyambiente.com\/wp-content\/uploads\/2021\/08\/insecticidas-hogar-2-768x979.jpg 768w\" sizes=\"auto, (max-width: 850px) 100vw, 850px\" \/><\/p>\n<\/div><\/div><\/div><\/div><div id=\"pg-7390-1\"  class=\"panel-grid panel-no-style\" ><div id=\"pgc-7390-1-0\"  class=\"panel-grid-cell\" ><div id=\"panel-7390-1-0-0\" class=\"so-panel widget widget_black-studio-tinymce widget_black_studio_tinymce panel-first-child panel-last-child\" data-index=\"2\" ><div class=\"textwidget\"><p><img loading=\"lazy\" decoding=\"async\" class=\"size-full wp-image-6403 aligncenter\" src=\"http:\/\/export-xml.qreativethemes.com\/thelandscaper\/wp-content\/uploads\/sites\/2\/2015\/07\/img_divider.png\" alt=\"img_divider\" width=\"1128\" height=\"14\" srcset=\"https:\/\/ecoyambiente.com\/wp-content\/uploads\/2015\/07\/img_divider.png 1128w, https:\/\/ecoyambiente.com\/wp-content\/uploads\/2015\/07\/img_divider-400x5.png 400w, https:\/\/ecoyambiente.com\/wp-content\/uploads\/2015\/07\/img_divider-600x7.png 600w\" sizes=\"auto, (max-width: 1128px) 100vw, 1128px\" \/><\/p>\n<\/div><\/div><\/div><\/div><div id=\"pg-7390-2\"  class=\"panel-grid panel-has-style\" ><div class=\"siteorigin-panels-stretch panel-row-style panel-row-style-for-7390-2\" data-stretch-type=\"full\" ><div id=\"pgc-7390-2-0\"  class=\"panel-grid-cell\" ><div id=\"panel-7390-2-0-0\" class=\"so-panel widget widget_qt_cta_banner widget-cta-banner panel-first-child panel-last-child\" data-index=\"3\" >\n\t\t\t<div class=\"cta-banner cta-inline\">\n\t\t\t\t<div class=\"cta-banner-text\">\n\t\t\t\t\t<div class=\"cta-banner-title\" style=\"color: #ffffff;\">Visite la tienda y adquiera nuestros insecticidas ecol\u00f3gicos. Hacemos env\u00edos a toda Argentina.<\/div>\n\t\t\t\t\t\t\t\t\t<\/div>\n\t\t\t\t<div class=\"cta-banner-buttons\">\n\t\t\t\t\t<a href=\"https:\/\/ecoyambiente.com\/tienda\/?page_id=5581\" class=\"btn btn-outline\" target=\"_self\">Quiero Comprar<\/a>\t\t\t\t<\/div>\n\t\t\t\t<div class=\"clearfix\"><\/div>\n\t\t\t<\/div>\n\n\t\t\t<\/div><\/div><\/div><\/div><\/div>","protected":false},"excerpt":{"rendered":"<p>Puede usarse dentro de la casa, es inodoro, es un producto natural y no deja manchas, elimina los insectos en cualquier parte del hogar, es decir que se puede aplicar en: La cocina (rincones). Detr\u00e1s de electrodom\u00e9sticos. Bajo mesadas. Despensas. Alfombras. Guardarropas. Entretechos. Rajaduras, grietas. Sectores oscuros, muy calurosos, fr\u00edos y h\u00famedos. Cuarto de herramientas. [&hellip;]<\/p>\n","protected":false},"author":1,"featured_media":7436,"parent":921,"menu_order":0,"comment_status":"closed","ping_status":"closed","template":"","meta":{"footnotes":""},"class_list":["post-7390","page","type-page","status-publish","has-post-thumbnail","hentry"],"acf":[],"_links":{"self":[{"href":"https:\/\/ecoyambiente.com\/index.php?rest_route=\/wp\/v2\/pages\/7390","targetHints":{"allow":["GET"]}}],"collection":[{"href":"https:\/\/ecoyambiente.com\/index.php?rest_route=\/wp\/v2\/pages"}],"about":[{"href":"https:\/\/ecoyambiente.com\/index.php?rest_route=\/wp\/v2\/types\/page"}],"author":[{"embeddable":true,"href":"https:\/\/ecoyambiente.com\/index.php?rest_route=\/wp\/v2\/users\/1"}],"replies":[{"embeddable":true,"href":"https:\/\/ecoyambiente.com\/index.php?rest_route=%2Fwp%2Fv2%2Fcomments&post=7390"}],"version-history":[{"count":25,"href":"https:\/\/ecoyambiente.com\/index.php?rest_route=\/wp\/v2\/pages\/7390\/revisions"}],"predecessor-version":[{"id":7851,"href":"https:\/\/ecoyambiente.com\/index.php?rest_route=\/wp\/v2\/pages\/7390\/revisions\/7851"}],"up":[{"embeddable":true,"href":"https:\/\/ecoyambiente.com\/index.php?rest_route=\/wp\/v2\/pages\/921"}],"wp:featuredmedia":[{"embeddable":true,"href":"https:\/\/ecoyambiente.com\/index.php?rest_route=\/wp\/v2\/media\/7436"}],"wp:attachment":[{"href":"https:\/\/ecoyambiente.com\/index.php?rest_route=%2Fwp%2Fv2%2Fmedia&parent=7390"}],"curies":[{"name":"wp","href":"https:\/\/api.w.org\/{rel}","templated":true}]}}