{"id":4999,"date":"2015-08-13T22:06:14","date_gmt":"2015-08-13T22:06:14","guid":{"rendered":"http:\/\/export-xml.qreativethemes.com\/thelandscaper\/services\/\/?page_id=4999"},"modified":"2021-08-26T17:39:07","modified_gmt":"2021-08-26T20:39:07","slug":"service-no-sidebar","status":"publish","type":"page","link":"https:\/\/ecoyambiente.com\/?page_id=4999","title":{"rendered":"Beneficios"},"content":{"rendered":"<div id=\"pl-4999\"  class=\"panel-layout\" ><div id=\"pg-4999-0\"  class=\"panel-grid panel-no-style\" ><div id=\"pgc-4999-0-0\"  class=\"panel-grid-cell\" ><div id=\"panel-4999-0-0-0\" class=\"so-panel widget widget_black-studio-tinymce widget_black_studio_tinymce panel-first-child panel-last-child\" data-index=\"0\" ><div class=\"textwidget\"><h3><span style=\"color: #9fc612;\"><strong>DISTINTOS DESDE EL ORIGEN<\/strong><\/span><\/h3>\n<p>Los insecticidas elaborados a base de qu\u00edmicos representan un riesgo para la salud de las personas, animales, y cultivos que pueden entrar en contacto con ellos. Da\u00f1ando tambi\u00e9n al medio ambiente. Por eso, las diatomeas micronizadas de Eco y Ambiente es un producto completamente natural.<\/p>\n<p>Est\u00e1 elaborado a base de Diatomeas de agua dulce. Las Diatomeas son los restos f\u00f3siles de millones de algas microsc\u00f3picas, que se encuentran en los lechos de antiguos lagos. Actualmente, son extra\u00eddas de los yacimientos ubicados en la precordillera andina a 2500 metros sobre el nivel del mar, con una pureza inigualada.<\/p>\n<p>Las diatomeas Eco y Ambiente act\u00faan mediante una acci\u00f3n f\u00edsico \u2013 mec\u00e1nica (a diferencia de los venenos que act\u00faan en forma qu\u00edmica), destruyendo la cubierta cerosa de los insectos. Absorbe sus l\u00edquidos corporales, sec\u00e1ndolos por completo. Por su efecto exclusivamente f\u00edsico, no genera ning\u00fan tipo de resistencia en los insectos, \u00e1caros y ar\u00e1cnidos en el hogar, en el jard\u00edn y en la huerta familiar. Tanto las plantas, como los animales y la gente no tienen esa cubierta externa cerosa, por lo que las diatomeas no les producen absolutamente ning\u00fan da\u00f1o.<\/p>\n<p>&nbsp;<\/p>\n<h3><span style=\"color: #9fc612;\">TRES PRODUCTOS, M\u00daLTIPLES BENEFICIOS<\/span><\/h3>\n<ul>\n<li>No es un veneno.<\/li>\n<li>No deja olor desagradable.<\/li>\n<li>No es t\u00f3xico.<\/li>\n<li>Contiene 38 minerales traza que sirven de nutrientes a las plantas, posee un prolongado efecto residual (m\u00e1s de 6 meses) cuando es aplicado en interiores que no se hallan expuestos a lluvias.<\/li>\n<li>No representa riesgo alguno para personas, animales y plantas.<\/li>\n<\/ul>\n<p>&nbsp;<\/p>\n<h3><span style=\"color: #9fc612;\">\u00bfQU\u00c9 PRODUCTO DEBER\u00cdA COMPRAR?<\/span><\/h3>\n<p style=\"padding-left: 40px;\">1) Las Diatomeas Micronizadas insecticidas (puras 100%) sirven para el hogar, jardines, huertas y frutales. Se puede adquirir en bolsas de 500gr.<\/p>\n<p><img loading=\"lazy\" decoding=\"async\" class=\"alignnone wp-image-7648\" src=\"https:\/\/ecoyambiente.com\/tienda\/wp-content\/uploads\/2021\/08\/Tierra-de-Diatomeas-737x1024.jpg\" alt=\"Tierra de Diatomeas - Eco y Ambiente\" width=\"430\" height=\"597\" srcset=\"https:\/\/ecoyambiente.com\/wp-content\/uploads\/2021\/08\/Tierra-de-Diatomeas-737x1024.jpg 737w, https:\/\/ecoyambiente.com\/wp-content\/uploads\/2021\/08\/Tierra-de-Diatomeas-400x556.jpg 400w, https:\/\/ecoyambiente.com\/wp-content\/uploads\/2021\/08\/Tierra-de-Diatomeas-600x834.jpg 600w, https:\/\/ecoyambiente.com\/wp-content\/uploads\/2021\/08\/Tierra-de-Diatomeas-216x300.jpg 216w, https:\/\/ecoyambiente.com\/wp-content\/uploads\/2021\/08\/Tierra-de-Diatomeas-768x1067.jpg 768w, https:\/\/ecoyambiente.com\/wp-content\/uploads\/2021\/08\/Tierra-de-Diatomeas.jpg 850w\" sizes=\"auto, (max-width: 430px) 100vw, 430px\" \/><\/p>\n<p>2) Las Diatomeas Micronizadas insecticidas (puras 100%) se utilizan en la producci\u00f3n frutihort\u00edcola, huertas, plantas ornamentales comerciales.<\/p>\n<p>3) Las Diatomeas Micronizadas insecticidas (puras 100%) se utilizan tambi\u00e9n en: gallineros, aviarios, criaderos (instalaciones y ejemplares).<\/p>\n<p>Se puede comprar en bolsas de 2kg y 5kg (2 bolsas de 2,5kg c\/u).<\/p>\n<p><img loading=\"lazy\" decoding=\"async\" class=\"alignnone wp-image-7740\" src=\"https:\/\/ecoyambiente.com\/tienda\/wp-content\/uploads\/2021\/08\/Tierra-de-Diatomeas-Premium-1.jpg\" alt=\"\" width=\"430\" height=\"436\" srcset=\"https:\/\/ecoyambiente.com\/wp-content\/uploads\/2021\/08\/Tierra-de-Diatomeas-Premium-1.jpg 862w, https:\/\/ecoyambiente.com\/wp-content\/uploads\/2021\/08\/Tierra-de-Diatomeas-Premium-1-400x406.jpg 400w, https:\/\/ecoyambiente.com\/wp-content\/uploads\/2021\/08\/Tierra-de-Diatomeas-Premium-1-100x100.jpg 100w, https:\/\/ecoyambiente.com\/wp-content\/uploads\/2021\/08\/Tierra-de-Diatomeas-Premium-1-600x609.jpg 600w, https:\/\/ecoyambiente.com\/wp-content\/uploads\/2021\/08\/Tierra-de-Diatomeas-Premium-1-296x300.jpg 296w, https:\/\/ecoyambiente.com\/wp-content\/uploads\/2021\/08\/Tierra-de-Diatomeas-Premium-1-768x780.jpg 768w\" sizes=\"auto, (max-width: 430px) 100vw, 430px\" \/><img loading=\"lazy\" decoding=\"async\" class=\"alignnone wp-image-7741\" src=\"https:\/\/ecoyambiente.com\/tienda\/wp-content\/uploads\/2021\/08\/Tierra-de-Diatomeas-Premium-2-scaled.jpg\" alt=\"\" width=\"430\" height=\"332\" srcset=\"https:\/\/ecoyambiente.com\/wp-content\/uploads\/2021\/08\/Tierra-de-Diatomeas-Premium-2-scaled.jpg 2560w, https:\/\/ecoyambiente.com\/wp-content\/uploads\/2021\/08\/Tierra-de-Diatomeas-Premium-2-scaled-400x308.jpg 400w, https:\/\/ecoyambiente.com\/wp-content\/uploads\/2021\/08\/Tierra-de-Diatomeas-Premium-2-scaled-600x463.jpg 600w, https:\/\/ecoyambiente.com\/wp-content\/uploads\/2021\/08\/Tierra-de-Diatomeas-Premium-2-300x231.jpg 300w, https:\/\/ecoyambiente.com\/wp-content\/uploads\/2021\/08\/Tierra-de-Diatomeas-Premium-2-1024x790.jpg 1024w, https:\/\/ecoyambiente.com\/wp-content\/uploads\/2021\/08\/Tierra-de-Diatomeas-Premium-2-768x592.jpg 768w, https:\/\/ecoyambiente.com\/wp-content\/uploads\/2021\/08\/Tierra-de-Diatomeas-Premium-2-1536x1184.jpg 1536w, https:\/\/ecoyambiente.com\/wp-content\/uploads\/2021\/08\/Tierra-de-Diatomeas-Premium-2-2048x1579.jpg 2048w\" sizes=\"auto, (max-width: 430px) 100vw, 430px\" \/><\/p>\n<p>&nbsp;<\/p>\n<h3><span style=\"color: #9fc612;\">DIATOMEAS ECO Y AMBIENTE EN EL HOGAR<\/span><\/h3>\n<p>Puede usarse dentro de la casa, en la cocina, ba\u00f1os, entretechos, alfombras, bauleras, sobre las mascotas, etc.<\/p>\n<p>&nbsp;<\/p>\n<h3><span style=\"color: #9fc612;\">DIATOMEAS ECO Y AMBIENTE EN JARDINES Y HUERTAS<\/span><\/h3>\n<p>Puede utilizarse en plantas, flores, c\u00e9sped, frutales, huertas familiares y comerciales.<\/p>\n<p>&nbsp;<\/p>\n<h3><span style=\"color: #9fc612;\">DIATOMEAS ECO Y AMBIENTE EN LA PRODUCCI\u00d3N FRUTIHORT\u00cdCOLA<\/span><\/h3>\n<p>Por el exclusivo modo de acci\u00f3n f\u00edsico \u2013 mec\u00e1nico de las diatomeas, se obtiene la m\u00e1xima eficacia en el control de plagas en explotaciones frutihort\u00edcolas comerciales. Para lograr esto, se recurre a dos modos alternativos de aplicaci\u00f3n: en polvo, mediante el uso de espolvoreadores o en suspensi\u00f3n acuosa, al 1 o 2%, al aplicar mediante pulverizadores.<\/p>\n<p>&nbsp;<\/p>\n<h3><span style=\"color: #9fc612;\">DIATOMEAS ECO Y AMBIENTE SOBRE GRANOS, ALIMENTOS Y ALIMENTOS ENVASADOS<\/span><\/h3>\n<p>La Tierra de Diatomea al 100% al ser un producto totalmente ecol\u00f3gico, no t\u00f3xico, no transmite mal olor ni color al grano tratado, se aplica directamente en polvo y tambi\u00e9n protege los granos embolsados de las afectaciones exteriores de insectos. Se utiliza en establecimientos de alimentos envasados y dep\u00f3sitos de todo tipo.<\/p>\n<p>&nbsp;<\/p>\n<h3><span style=\"color: #9fc612;\">DIATOMEAS ECO Y AMBIENTE EN TRATAMIENTO DE INSTALACIONES, CRIADEROS, GALLINEROS, AVIARIOS, ETC.<\/span><\/h3>\n<p>La Tierra de Diatomeas al 100% controla los insectos que se encuentran en grietas, entre chapas, desechos de granos en dep\u00f3sitos, galpones, etc. Tambi\u00e9n en criaderos de distintos animales, gallineros (en instalaciones y gallinas), aviarios (jaulas y aves), etc.<\/p>\n<\/div><\/div><\/div><div id=\"pgc-4999-0-1\"  class=\"panel-grid-cell\" ><div id=\"panel-4999-0-1-0\" class=\"so-panel widget widget_black-studio-tinymce widget_black_studio_tinymce panel-first-child panel-last-child\" data-index=\"1\" ><div class=\"textwidget\"><p><img loading=\"lazy\" decoding=\"async\" class=\"alignnone size-full wp-image-7440\" src=\"https:\/\/ecoyambiente.com\/tienda\/wp-content\/uploads\/2021\/08\/insecticidas-beneficios-1.jpg\" alt=\"Insecticidas ecol\u00f3gicos - Beneficios\" width=\"850\" height=\"1275\" srcset=\"https:\/\/ecoyambiente.com\/wp-content\/uploads\/2021\/08\/insecticidas-beneficios-1.jpg 850w, https:\/\/ecoyambiente.com\/wp-content\/uploads\/2021\/08\/insecticidas-beneficios-1-400x600.jpg 400w, https:\/\/ecoyambiente.com\/wp-content\/uploads\/2021\/08\/insecticidas-beneficios-1-600x900.jpg 600w, https:\/\/ecoyambiente.com\/wp-content\/uploads\/2021\/08\/insecticidas-beneficios-1-200x300.jpg 200w, https:\/\/ecoyambiente.com\/wp-content\/uploads\/2021\/08\/insecticidas-beneficios-1-683x1024.jpg 683w, https:\/\/ecoyambiente.com\/wp-content\/uploads\/2021\/08\/insecticidas-beneficios-1-768x1152.jpg 768w\" sizes=\"auto, (max-width: 850px) 100vw, 850px\" \/><\/p>\n<p><img loading=\"lazy\" decoding=\"async\" class=\"alignnone size-full wp-image-7441\" src=\"https:\/\/ecoyambiente.com\/tienda\/wp-content\/uploads\/2021\/08\/insecticidas-beneficios-2.jpg\" alt=\"Insecticidas ecol\u00f3gicos - Beneficios\" width=\"850\" height=\"1270\" srcset=\"https:\/\/ecoyambiente.com\/wp-content\/uploads\/2021\/08\/insecticidas-beneficios-2.jpg 850w, https:\/\/ecoyambiente.com\/wp-content\/uploads\/2021\/08\/insecticidas-beneficios-2-400x598.jpg 400w, https:\/\/ecoyambiente.com\/wp-content\/uploads\/2021\/08\/insecticidas-beneficios-2-600x896.jpg 600w, https:\/\/ecoyambiente.com\/wp-content\/uploads\/2021\/08\/insecticidas-beneficios-2-201x300.jpg 201w, https:\/\/ecoyambiente.com\/wp-content\/uploads\/2021\/08\/insecticidas-beneficios-2-685x1024.jpg 685w, https:\/\/ecoyambiente.com\/wp-content\/uploads\/2021\/08\/insecticidas-beneficios-2-768x1147.jpg 768w\" sizes=\"auto, (max-width: 850px) 100vw, 850px\" \/><\/p>\n<\/div><\/div><\/div><\/div><div id=\"pg-4999-1\"  class=\"panel-grid panel-no-style\" ><div id=\"pgc-4999-1-0\"  class=\"panel-grid-cell\" ><div id=\"panel-4999-1-0-0\" class=\"so-panel widget widget_black-studio-tinymce widget_black_studio_tinymce panel-first-child panel-last-child\" data-index=\"2\" ><div class=\"textwidget\"><p><img loading=\"lazy\" decoding=\"async\" class=\"size-full wp-image-6403 aligncenter\" src=\"http:\/\/export-xml.qreativethemes.com\/thelandscaper\/wp-content\/uploads\/sites\/2\/2015\/07\/img_divider.png\" alt=\"img_divider\" width=\"1128\" height=\"14\" srcset=\"https:\/\/ecoyambiente.com\/wp-content\/uploads\/2015\/07\/img_divider.png 1128w, https:\/\/ecoyambiente.com\/wp-content\/uploads\/2015\/07\/img_divider-400x5.png 400w, https:\/\/ecoyambiente.com\/wp-content\/uploads\/2015\/07\/img_divider-600x7.png 600w\" sizes=\"auto, (max-width: 1128px) 100vw, 1128px\" \/><\/p>\n<\/div><\/div><\/div><\/div><div id=\"pg-4999-2\"  class=\"panel-grid panel-has-style\" ><div class=\"siteorigin-panels-stretch panel-row-style panel-row-style-for-4999-2\" data-stretch-type=\"full\" ><div id=\"pgc-4999-2-0\"  class=\"panel-grid-cell\" ><div id=\"panel-4999-2-0-0\" class=\"so-panel widget widget_qt_cta_banner widget-cta-banner panel-first-child panel-last-child\" data-index=\"3\" >\n\t\t\t<div class=\"cta-banner cta-inline\">\n\t\t\t\t<div class=\"cta-banner-text\">\n\t\t\t\t\t<div class=\"cta-banner-title\" style=\"color: #ffffff;\">Visite la tienda y adquiera nuestros insecticidas ecol\u00f3gicos. Hacemos env\u00edos a toda Argentina.<\/div>\n\t\t\t\t\t\t\t\t\t<\/div>\n\t\t\t\t<div class=\"cta-banner-buttons\">\n\t\t\t\t\t<a href=\"https:\/\/ecoyambiente.com\/tienda\/?page_id=5581\" class=\"btn btn-outline\" target=\"_self\">Quiero Comprar<\/a>\t\t\t\t<\/div>\n\t\t\t\t<div class=\"clearfix\"><\/div>\n\t\t\t<\/div>\n\n\t\t\t<\/div><\/div><\/div><\/div><\/div>","protected":false},"excerpt":{"rendered":"<p>DISTINTOS DESDE EL ORIGEN Los insecticidas elaborados a base de qu\u00edmicos representan un riesgo para la salud de las personas, animales, y cultivos que pueden entrar en contacto con ellos. Da\u00f1ando tambi\u00e9n al medio ambiente. Por eso, las diatomeas micronizadas de Eco y Ambiente es un producto completamente natural. Est\u00e1 elaborado a base de Diatomeas [&hellip;]<\/p>\n","protected":false},"author":1,"featured_media":7440,"parent":921,"menu_order":0,"comment_status":"closed","ping_status":"closed","template":"","meta":{"footnotes":""},"class_list":["post-4999","page","type-page","status-publish","has-post-thumbnail","hentry"],"acf":[],"_links":{"self":[{"href":"https:\/\/ecoyambiente.com\/index.php?rest_route=\/wp\/v2\/pages\/4999","targetHints":{"allow":["GET"]}}],"collection":[{"href":"https:\/\/ecoyambiente.com\/index.php?rest_route=\/wp\/v2\/pages"}],"about":[{"href":"https:\/\/ecoyambiente.com\/index.php?rest_route=\/wp\/v2\/types\/page"}],"author":[{"embeddable":true,"href":"https:\/\/ecoyambiente.com\/index.php?rest_route=\/wp\/v2\/users\/1"}],"replies":[{"embeddable":true,"href":"https:\/\/ecoyambiente.com\/index.php?rest_route=%2Fwp%2Fv2%2Fcomments&post=4999"}],"version-history":[{"count":36,"href":"https:\/\/ecoyambiente.com\/index.php?rest_route=\/wp\/v2\/pages\/4999\/revisions"}],"predecessor-version":[{"id":7759,"href":"https:\/\/ecoyambiente.com\/index.php?rest_route=\/wp\/v2\/pages\/4999\/revisions\/7759"}],"up":[{"embeddable":true,"href":"https:\/\/ecoyambiente.com\/index.php?rest_route=\/wp\/v2\/pages\/921"}],"wp:featuredmedia":[{"embeddable":true,"href":"https:\/\/ecoyambiente.com\/index.php?rest_route=\/wp\/v2\/media\/7440"}],"wp:attachment":[{"href":"https:\/\/ecoyambiente.com\/index.php?rest_route=%2Fwp%2Fv2%2Fmedia&parent=4999"}],"curies":[{"name":"wp","href":"https:\/\/api.w.org\/{rel}","templated":true}]}}