{"id":4680,"date":"2015-08-05T23:05:49","date_gmt":"2015-08-05T23:05:49","guid":{"rendered":"http:\/\/export-xml.qreativethemes.com\/thelandscaper\/services\/\/?page_id=4680"},"modified":"2022-07-22T03:49:21","modified_gmt":"2022-07-22T06:49:21","slug":"home-shop","status":"publish","type":"page","link":"https:\/\/ecoyambiente.com\/","title":{"rendered":"Inicio"},"content":{"rendered":"<div id=\"pl-4680\"  class=\"panel-layout\" ><div id=\"pg-4680-0\"  class=\"panel-grid panel-no-style\" ><div id=\"pgc-4680-0-0\"  class=\"panel-grid-cell\" ><div id=\"panel-4680-0-0-0\" class=\"so-panel widget widget_text panel-first-child panel-last-child\" data-index=\"0\" ><h3 class=\"widget-title\"><span class=\"light\">Beneficios<\/span> de nuestros insecticidas ecol\u00f3gicos<\/h3>\t\t\t<div class=\"textwidget\"><\/div>\n\t\t<\/div><\/div><\/div><div id=\"pg-4680-1\"  class=\"panel-grid panel-no-style\" ><div id=\"pgc-4680-1-0\"  class=\"panel-grid-cell\" ><div id=\"panel-4680-1-0-0\" class=\"so-panel widget widget_qt_icon_box widget-icon-box panel-first-child panel-last-child\" data-index=\"1\" >\t\t\t\t<a class=\"icon-box icon-big\" href=\"#\" >\n\t\t\t\t\t\t\t\t\t\t\t\t<i class=\"fa fas fa-house-user\"><\/i>\n\t\t\t\t\t\t\t\t\t\t\t\t\t<h6 class=\"title\">Insecticida en el Hogar<\/h6>\n\t\t\t\t\t\t\t\t\t\t\t\t\t<span class=\"subtitle\">Puede usarse dentro de la casa, en la cocina, ba\u00f1os, entretechos, alfombras, etc<\/span>\n\t\t\t\t\t\t\t<\/a>\n\n\t\t\t<\/div><\/div><div id=\"pgc-4680-1-1\"  class=\"panel-grid-cell\" ><div id=\"panel-4680-1-1-0\" class=\"so-panel widget widget_qt_icon_box widget-icon-box panel-first-child panel-last-child\" data-index=\"2\" >\t\t\t\t<a class=\"icon-box icon-big\" href=\"#\" >\n\t\t\t\t\t\t\t\t\t\t\t\t<i class=\"fa fas fa-leaf\"><\/i>\n\t\t\t\t\t\t\t\t\t\t\t\t\t<h6 class=\"title\">Insecticida en Jardines y Huertas<\/h6>\n\t\t\t\t\t\t\t\t\t\t\t\t\t<span class=\"subtitle\">Puede usarse en plantas, flores, c\u00e9sped, frutales y en la huerta familiar<\/span>\n\t\t\t\t\t\t\t<\/a>\n\n\t\t\t<\/div><\/div><div id=\"pgc-4680-1-2\"  class=\"panel-grid-cell\" ><div id=\"panel-4680-1-2-0\" class=\"so-panel widget widget_qt_icon_box widget-icon-box panel-first-child panel-last-child\" data-index=\"3\" >\t\t\t\t<a class=\"icon-box icon-big\" href=\"#\" >\n\t\t\t\t\t\t\t\t\t\t\t\t<i class=\"fa fas fa-seedling\"><\/i>\n\t\t\t\t\t\t\t\t\t\t\t\t\t<h6 class=\"title\">Insecticida para Producci\u00f3n Frutihorticola<\/h6>\n\t\t\t\t\t\t\t\t\t\t\t\t\t<span class=\"subtitle\">Por el exclusivo modo de acci\u00f3n de las diatomeas, se obtiene la m\u00e1xima eficacia en el control de plagas<\/span>\n\t\t\t\t\t\t\t<\/a>\n\n\t\t\t<\/div><\/div><\/div><div id=\"pg-4680-2\"  class=\"panel-grid panel-no-style\" ><div id=\"pgc-4680-2-0\"  class=\"panel-grid-cell\" ><div id=\"panel-4680-2-0-0\" class=\"so-panel widget widget_text panel-first-child panel-last-child\" data-index=\"4\" ><h3 class=\"widget-title\"><span class=\"light\">Nuevos<\/span> productos<\/h3>\t\t\t<div class=\"textwidget\"><div class=\"woocommerce columns-4 \"><ul class=\"products columns-4\">\n<li class=\"product type-product post-8025 status-publish first outofstock product_cat-accesorios-de-jardineria product_cat-accesorios-de-seguridad product_cat-herramientas-de-jardin product_tag-guante product_tag-guante-liviano product_tag-moteado has-post-thumbnail shipping-taxable purchasable product-type-simple\">\n\t<a href=\"https:\/\/ecoyambiente.com\/?product=guante-liviano-moteado-en-1-cara-prentex-talle-8-c-certificado-iram\" class=\"woocommerce-LoopProduct-link woocommerce-loop-product__link\"><img loading=\"lazy\" decoding=\"async\" width=\"400\" height=\"316\" src=\"https:\/\/ecoyambiente.com\/wp-content\/uploads\/2021\/10\/Guantes-prentex-nro-8-Eco-y-Ambiente-400x316.jpg\" class=\"attachment-woocommerce_thumbnail size-woocommerce_thumbnail\" alt=\"Guantes livianos, Prentex nro 8, Eco y Ambiente\" srcset=\"https:\/\/ecoyambiente.com\/wp-content\/uploads\/2021\/10\/Guantes-prentex-nro-8-Eco-y-Ambiente-400x316.jpg 400w, https:\/\/ecoyambiente.com\/wp-content\/uploads\/2021\/10\/Guantes-prentex-nro-8-Eco-y-Ambiente-300x237.jpg 300w, https:\/\/ecoyambiente.com\/wp-content\/uploads\/2021\/10\/Guantes-prentex-nro-8-Eco-y-Ambiente-600x473.jpg 600w, https:\/\/ecoyambiente.com\/wp-content\/uploads\/2021\/10\/Guantes-prentex-nro-8-Eco-y-Ambiente.jpg 668w\" sizes=\"auto, (max-width: 400px) 100vw, 400px\" \/><h2 class=\"woocommerce-loop-product__title\">Guante liviano, moteado en 1 cara, Prentex, talle 8, c\/certificado Iram.<\/h2>\n\t<span class=\"price\"><span class=\"woocommerce-Price-amount amount\"><bdi><span class=\"woocommerce-Price-currencySymbol\">&#36;<\/span>0<\/bdi><\/span><\/span>\n<\/a><a href=\"https:\/\/ecoyambiente.com\/?product=guante-liviano-moteado-en-1-cara-prentex-talle-8-c-certificado-iram\" aria-describedby=\"woocommerce_loop_add_to_cart_link_describedby_8025\" data-quantity=\"1\" class=\"button product_type_simple\" data-product_id=\"8025\" data-product_sku=\"\" aria-label=\"Le\u00e9 m\u00e1s sobre &ldquo;Guante liviano, moteado en 1 cara, Prentex, talle 8, c\/certificado Iram.&rdquo;\" rel=\"nofollow\" data-success_message=\"\">Leer m\u00e1s<\/a>\t<span id=\"woocommerce_loop_add_to_cart_link_describedby_8025\" class=\"screen-reader-text\">\n\t\t\t<\/span>\n<\/li>\n<li class=\"product type-product post-8018 status-publish outofstock product_cat-accesorios-de-jardineria product_tag-barrera product_tag-hormigas has-post-thumbnail shipping-taxable purchasable product-type-simple\">\n\t<a href=\"https:\/\/ecoyambiente.com\/?product=barrera-antihormigas-x-1-metro-pack-x-6-barreras\" class=\"woocommerce-LoopProduct-link woocommerce-loop-product__link\"><img loading=\"lazy\" decoding=\"async\" width=\"400\" height=\"463\" src=\"https:\/\/ecoyambiente.com\/wp-content\/uploads\/2021\/08\/Barrera-con-emulsionante-scaled-400x463.jpg\" class=\"attachment-woocommerce_thumbnail size-woocommerce_thumbnail\" alt=\"Barrera Antihormigas - Eco y Ambiente\" srcset=\"https:\/\/ecoyambiente.com\/wp-content\/uploads\/2021\/08\/Barrera-con-emulsionante-scaled-400x463.jpg 400w, https:\/\/ecoyambiente.com\/wp-content\/uploads\/2021\/08\/Barrera-con-emulsionante-scaled-600x695.jpg 600w, https:\/\/ecoyambiente.com\/wp-content\/uploads\/2021\/08\/Barrera-con-emulsionante-259x300.jpg 259w, https:\/\/ecoyambiente.com\/wp-content\/uploads\/2021\/08\/Barrera-con-emulsionante-884x1024.jpg 884w, https:\/\/ecoyambiente.com\/wp-content\/uploads\/2021\/08\/Barrera-con-emulsionante-768x889.jpg 768w, https:\/\/ecoyambiente.com\/wp-content\/uploads\/2021\/08\/Barrera-con-emulsionante-1327x1536.jpg 1327w, https:\/\/ecoyambiente.com\/wp-content\/uploads\/2021\/08\/Barrera-con-emulsionante-1769x2048.jpg 1769w\" sizes=\"auto, (max-width: 400px) 100vw, 400px\" \/><h2 class=\"woocommerce-loop-product__title\">Barrera Antihormigas x 1 metro ** Pack x 6 barreras **<\/h2>\n\t<span class=\"price\"><span class=\"woocommerce-Price-amount amount\"><bdi><span class=\"woocommerce-Price-currencySymbol\">&#36;<\/span>0<\/bdi><\/span><\/span>\n<\/a><a href=\"https:\/\/ecoyambiente.com\/?product=barrera-antihormigas-x-1-metro-pack-x-6-barreras\" aria-describedby=\"woocommerce_loop_add_to_cart_link_describedby_8018\" data-quantity=\"1\" class=\"button product_type_simple\" data-product_id=\"8018\" data-product_sku=\"\" aria-label=\"Le\u00e9 m\u00e1s sobre &ldquo;Barrera Antihormigas x 1 metro ** Pack x 6 barreras **&rdquo;\" rel=\"nofollow\" data-success_message=\"\">Leer m\u00e1s<\/a>\t<span id=\"woocommerce_loop_add_to_cart_link_describedby_8018\" class=\"screen-reader-text\">\n\t\t\t<\/span>\n<\/li>\n<li class=\"product type-product post-8015 status-publish outofstock product_cat-accesorios-de-jardineria has-post-thumbnail shipping-taxable purchasable product-type-simple\">\n\t<a href=\"https:\/\/ecoyambiente.com\/?product=porta-cebos-granulados-hormiguicidas-folidol\" class=\"woocommerce-LoopProduct-link woocommerce-loop-product__link\"><img loading=\"lazy\" decoding=\"async\" width=\"400\" height=\"505\" src=\"https:\/\/ecoyambiente.com\/wp-content\/uploads\/2021\/09\/Estacas-para-cebos-granulados-1-400x505.jpg\" class=\"attachment-woocommerce_thumbnail size-woocommerce_thumbnail\" alt=\"Porta cebos granulados, Eco y Ambiente\" srcset=\"https:\/\/ecoyambiente.com\/wp-content\/uploads\/2021\/09\/Estacas-para-cebos-granulados-1-400x505.jpg 400w, https:\/\/ecoyambiente.com\/wp-content\/uploads\/2021\/09\/Estacas-para-cebos-granulados-1-238x300.jpg 238w, https:\/\/ecoyambiente.com\/wp-content\/uploads\/2021\/09\/Estacas-para-cebos-granulados-1-812x1024.jpg 812w, https:\/\/ecoyambiente.com\/wp-content\/uploads\/2021\/09\/Estacas-para-cebos-granulados-1-768x969.jpg 768w, https:\/\/ecoyambiente.com\/wp-content\/uploads\/2021\/09\/Estacas-para-cebos-granulados-1-600x757.jpg 600w, https:\/\/ecoyambiente.com\/wp-content\/uploads\/2021\/09\/Estacas-para-cebos-granulados-1.jpg 867w\" sizes=\"auto, (max-width: 400px) 100vw, 400px\" \/><h2 class=\"woocommerce-loop-product__title\">Porta Cebos Granulados Hormiguicidas &#8211; FOLIDOL<\/h2>\n\t<span class=\"price\"><span class=\"woocommerce-Price-amount amount\"><bdi><span class=\"woocommerce-Price-currencySymbol\">&#36;<\/span>0<\/bdi><\/span><\/span>\n<\/a><a href=\"https:\/\/ecoyambiente.com\/?product=porta-cebos-granulados-hormiguicidas-folidol\" aria-describedby=\"woocommerce_loop_add_to_cart_link_describedby_8015\" data-quantity=\"1\" class=\"button product_type_simple\" data-product_id=\"8015\" data-product_sku=\"\" aria-label=\"Le\u00e9 m\u00e1s sobre &ldquo;Porta Cebos Granulados Hormiguicidas - FOLIDOL&rdquo;\" rel=\"nofollow\" data-success_message=\"\">Leer m\u00e1s<\/a>\t<span id=\"woocommerce_loop_add_to_cart_link_describedby_8015\" class=\"screen-reader-text\">\n\t\t\t<\/span>\n<\/li>\n<li class=\"product type-product post-8002 status-publish last outofstock product_cat-accesorios-de-jardineria product_tag-barrera product_tag-hormigas has-post-thumbnail sold-individually shipping-taxable purchasable product-type-simple\">\n\t<a href=\"https:\/\/ecoyambiente.com\/?product=barrera-antihormigas-x-1-metro-pack-x-50-barreras\" class=\"woocommerce-LoopProduct-link woocommerce-loop-product__link\"><img loading=\"lazy\" decoding=\"async\" width=\"400\" height=\"463\" src=\"https:\/\/ecoyambiente.com\/wp-content\/uploads\/2021\/08\/Barrera-con-emulsionante-scaled-400x463.jpg\" class=\"attachment-woocommerce_thumbnail size-woocommerce_thumbnail\" alt=\"Barrera Antihormigas - Eco y Ambiente\" srcset=\"https:\/\/ecoyambiente.com\/wp-content\/uploads\/2021\/08\/Barrera-con-emulsionante-scaled-400x463.jpg 400w, https:\/\/ecoyambiente.com\/wp-content\/uploads\/2021\/08\/Barrera-con-emulsionante-scaled-600x695.jpg 600w, https:\/\/ecoyambiente.com\/wp-content\/uploads\/2021\/08\/Barrera-con-emulsionante-259x300.jpg 259w, https:\/\/ecoyambiente.com\/wp-content\/uploads\/2021\/08\/Barrera-con-emulsionante-884x1024.jpg 884w, https:\/\/ecoyambiente.com\/wp-content\/uploads\/2021\/08\/Barrera-con-emulsionante-768x889.jpg 768w, https:\/\/ecoyambiente.com\/wp-content\/uploads\/2021\/08\/Barrera-con-emulsionante-1327x1536.jpg 1327w, https:\/\/ecoyambiente.com\/wp-content\/uploads\/2021\/08\/Barrera-con-emulsionante-1769x2048.jpg 1769w\" sizes=\"auto, (max-width: 400px) 100vw, 400px\" \/><h2 class=\"woocommerce-loop-product__title\">Barrera Antihormigas x 1 metro ** Pack x 50 barreras **<\/h2>\n\t<span class=\"price\"><span class=\"woocommerce-Price-amount amount\"><bdi><span class=\"woocommerce-Price-currencySymbol\">&#36;<\/span>0<\/bdi><\/span><\/span>\n<\/a><a href=\"https:\/\/ecoyambiente.com\/?product=barrera-antihormigas-x-1-metro-pack-x-50-barreras\" aria-describedby=\"woocommerce_loop_add_to_cart_link_describedby_8002\" data-quantity=\"1\" class=\"button product_type_simple\" data-product_id=\"8002\" data-product_sku=\"\" aria-label=\"Le\u00e9 m\u00e1s sobre &ldquo;Barrera Antihormigas x 1 metro ** Pack x 50 barreras **&rdquo;\" rel=\"nofollow\" data-success_message=\"\">Leer m\u00e1s<\/a>\t<span id=\"woocommerce_loop_add_to_cart_link_describedby_8002\" class=\"screen-reader-text\">\n\t\t\t<\/span>\n<\/li>\n<\/ul>\n<\/div>\n<\/div>\n\t\t<\/div><\/div><\/div><div id=\"pg-4680-3\"  class=\"panel-grid panel-has-style\" ><div class=\"siteorigin-panels-stretch panel-row-style panel-row-style-for-4680-3\" data-stretch-type=\"full\" ><div id=\"pgc-4680-3-0\"  class=\"panel-grid-cell\" ><div id=\"panel-4680-3-0-0\" class=\"so-panel widget widget_qt_cta_banner widget-cta-banner panel-first-child panel-last-child\" data-index=\"5\" >\n\t\t\t<div class=\"cta-banner cta-block with-subtitle\">\n\t\t\t\t<div class=\"cta-banner-text\">\n\t\t\t\t\t<div class=\"cta-banner-title\" style=\"color: #ffffff;\">Comercializamos el primer control de plagas \u201cecol\u00f3gico\u201d que cuida a su familia y al medio ambiente<\/div>\n\t\t\t\t\t\t\t\t\t\t\t<div class=\"cta-banner-subtitle\" style=\"color: #ffffff;\">Las diatomeas micronizadas de Eco y Ambiente se utilizan en hogares, jardines, huertas, criaderos, gallineros, aviarios, sobre las mascotas, animales de campo, instalaciones, entre otras aplicaciones.<\/div>\n\t\t\t\t\t\t\t\t\t<\/div>\n\t\t\t\t<div class=\"cta-banner-buttons\">\n\t\t\t\t\t<a href=\"https:\/\/ecoyambiente.com\/?page_id=5581\" class=\"btn btn-outline\" target=\"_self\">Comprar ahora<\/a>\t\t\t\t<\/div>\n\t\t\t\t<div class=\"clearfix\"><\/div>\n\t\t\t<\/div>\n\n\t\t\t<\/div><\/div><\/div><\/div><div id=\"pg-4680-4\"  class=\"panel-grid panel-has-style\" ><div class=\"siteorigin-panels-stretch panel-row-style panel-row-style-for-4680-4\" data-stretch-type=\"full\" ><div id=\"pgc-4680-4-0\"  class=\"panel-grid-cell\" ><div id=\"panel-4680-4-0-0\" class=\"so-panel widget widget_qt_recent_posts_block widget_post_block panel-first-child panel-last-child\" data-index=\"6\" >\n\t\t\t<div class=\"block-posts\">\n\n\t\t\t\t\t\t\t\t\t<h3 class=\"widget-title\">\n\t\t\t\t\t\t<span class=\"light\">Notas<\/span> m\u00e1s recientes\t\t\t\t\t\t\t\t\t\t\t\t\t<a href=\"https:\/\/ecoyambiente.com\/?page_id=18\" class=\"more\">Ver m\u00e1s<\/a>\n\t\t\t\t\t\t\t\t\t\t\t<\/h3>\n\t\t\t\t\n\t\t\t\t<div class=\"row\">\n\t\t\t\t\t\t\t\t\t\t\n\t\t\t\t\t\t<div class=\"col-xs-12 col-sm-4 col-md-4\">\n\t\t\t\t\t\t\t<article class=\"post-item news\">\n\t\t\t\t\t\t\t\t\t\t\t\t\t\t\t\t<div class=\"post-item-content\">\n\t\t\t\t\t\t\t\t\t<h5 class=\"title\">\n\t\t\t\t\t\t\t\t\t\t<a href=\"https:\/\/ecoyambiente.com\/?p=8010\">Diferencias entre: la Tierra de diatomeas com\u00fan y las diatomeas grado comestible<\/a>\n\t\t\t\t\t\t\t\t\t<\/h5>\n\t\t\t\t\t\t\t\t\t<p>\n\t\t\t\t                        ACLARACION Las diatomeas son una sola y se producen dos calidades Comunes: Insecticidas y fertilizantes (ecol\u00f3gicas,&hellip;\t\t\t\t                    <\/p>\n\t\t\t\t                    <a href=\"https:\/\/ecoyambiente.com\/?p=8010\" class=\"more\">Leer nota<\/a>\n\t\t\t\t\t\t\t\t<\/div>\n\t\t\t\t\t\t\t<\/article>\n\t\t\t\t\t\t<\/div>\n\t\t\t\t\t\t\n\t\t\t\t\t\t\n\t\t\t\t\t\t<div class=\"col-xs-12 col-sm-4 col-md-4\">\n\t\t\t\t\t\t\t<article class=\"post-item news\">\n\t\t\t\t\t\t\t\t\t\t\t\t\t\t\t\t<div class=\"post-item-content\">\n\t\t\t\t\t\t\t\t\t<h5 class=\"title\">\n\t\t\t\t\t\t\t\t\t\t<a href=\"https:\/\/ecoyambiente.com\/?p=7274\">Pulverizador El\u00e9ctrico Recargable 1 Litro + Cargador Usb<\/a>\n\t\t\t\t\t\t\t\t\t<\/h5>\n\t\t\t\t\t\t\t\t\t<p>\n\t\t\t\t                        INFORMACI\u00d3N DEL PRODUCTO *Volumen de agua: 1 litro *Patrones de pulverizaci\u00f3n: amplia gama de spray brumoso y chorro&hellip;\t\t\t\t                    <\/p>\n\t\t\t\t                    <a href=\"https:\/\/ecoyambiente.com\/?p=7274\" class=\"more\">Leer nota<\/a>\n\t\t\t\t\t\t\t\t<\/div>\n\t\t\t\t\t\t\t<\/article>\n\t\t\t\t\t\t<\/div>\n\t\t\t\t\t\t\n\t\t\t\t\t\t\n\t\t\t\t\t\t<div class=\"col-xs-12 col-sm-4 col-md-4\">\n\t\t\t\t\t\t\t<article class=\"post-item news\">\n\t\t\t\t\t\t\t\t\t\t\t\t\t\t\t\t<div class=\"post-item-content\">\n\t\t\t\t\t\t\t\t\t<h5 class=\"title\">\n\t\t\t\t\t\t\t\t\t\t<a href=\"https:\/\/ecoyambiente.com\/?p=7264\">Pulverizador manual de compresi\u00f3n previa Guarany de 7,6lt<\/a>\n\t\t\t\t\t\t\t\t\t<\/h5>\n\t\t\t\t\t\t\t\t\t<p>\n\t\t\t\t                        Debido a que es un pulverizador liviano y compacto. Facilita la aplicaci\u00f3n de insecticidas, funguicidas, fertilizantes&hellip;\t\t\t\t                    <\/p>\n\t\t\t\t                    <a href=\"https:\/\/ecoyambiente.com\/?p=7264\" class=\"more\">Leer nota<\/a>\n\t\t\t\t\t\t\t\t<\/div>\n\t\t\t\t\t\t\t<\/article>\n\t\t\t\t\t\t<\/div>\n\t\t\t\t\t\t\n\t\t\t\t\t\t\t\t\t\t\t\t\t<\/div>\n\t\t\t\t\t\t\t<div class=\"row\">\n\t\t\t\t\t\t\n\t\t\t\t\t\t<div class=\"col-xs-12 col-sm-4 col-md-4\">\n\t\t\t\t\t\t\t<article class=\"post-item news\">\n\t\t\t\t\t\t\t\t\t\t\t\t\t\t\t\t<div class=\"post-item-content\">\n\t\t\t\t\t\t\t\t\t<h5 class=\"title\">\n\t\t\t\t\t\t\t\t\t\t<a href=\"https:\/\/ecoyambiente.com\/?p=7252\">Pulverizador de compresi\u00f3n previa Guarany de 4,7lt<\/a>\n\t\t\t\t\t\t\t\t\t<\/h5>\n\t\t\t\t\t\t\t\t\t<p>\n\t\t\t\t                        Debido a que es un pulverizador liviano y compacto. Facilita la aplicaci\u00f3n de insecticidas, funguicidas, fertilizantes&hellip;\t\t\t\t                    <\/p>\n\t\t\t\t                    <a href=\"https:\/\/ecoyambiente.com\/?p=7252\" class=\"more\">Leer nota<\/a>\n\t\t\t\t\t\t\t\t<\/div>\n\t\t\t\t\t\t\t<\/article>\n\t\t\t\t\t\t<\/div>\n\t\t\t\t\t\t\n\t\t\t\t\t\t\n\t\t\t\t\t\t<div class=\"col-xs-12 col-sm-4 col-md-4\">\n\t\t\t\t\t\t\t<article class=\"post-item news\">\n\t\t\t\t\t\t\t\t\t\t\t\t\t\t\t\t<div class=\"post-item-content\">\n\t\t\t\t\t\t\t\t\t<h5 class=\"title\">\n\t\t\t\t\t\t\t\t\t\t<a href=\"https:\/\/ecoyambiente.com\/?p=7244\">Espolvoreador de pie Guarany x 2kg, hormiguicidas y otros polvos<\/a>\n\t\t\t\t\t\t\t\t\t<\/h5>\n\t\t\t\t\t\t\t\t\t<p>\n\t\t\t\t                        ESPOLVOREADOR DE PIE LIVIANO \u2013 GUARANY para 2kg &#8211; para hormiguicidas u otros polvos La aplicaci\u00f3n m\u00e1s segura&hellip;\t\t\t\t                    <\/p>\n\t\t\t\t                    <a href=\"https:\/\/ecoyambiente.com\/?p=7244\" class=\"more\">Leer nota<\/a>\n\t\t\t\t\t\t\t\t<\/div>\n\t\t\t\t\t\t\t<\/article>\n\t\t\t\t\t\t<\/div>\n\t\t\t\t\t\t\n\t\t\t\t\t\t\n\t\t\t\t\t\t<div class=\"col-xs-12 col-sm-4 col-md-4\">\n\t\t\t\t\t\t\t<article class=\"post-item news\">\n\t\t\t\t\t\t\t\t\t\t\t\t\t\t\t\t<div class=\"post-item-content\">\n\t\t\t\t\t\t\t\t\t<h5 class=\"title\">\n\t\t\t\t\t\t\t\t\t\t<a href=\"https:\/\/ecoyambiente.com\/?p=7234\">Espolvoreador de pie Guarany x 1kg, hormiguicidas y otros polvos<\/a>\n\t\t\t\t\t\t\t\t\t<\/h5>\n\t\t\t\t\t\t\t\t\t<p>\n\t\t\t\t                        ESPOLVOREADOR DE PIE LIVIANO &#8211; PLUS 1000 \u2013 GUARANY &#8211; Cod: 422.10 \u2013 CAPACIDAD 1kg. PARA POLVOS HORMIGUICIDAS&hellip;\t\t\t\t                    <\/p>\n\t\t\t\t                    <a href=\"https:\/\/ecoyambiente.com\/?p=7234\" class=\"more\">Leer nota<\/a>\n\t\t\t\t\t\t\t\t<\/div>\n\t\t\t\t\t\t\t<\/article>\n\t\t\t\t\t\t<\/div>\n\t\t\t\t\t\t\n\t\t\t\t\t\t\t\t\t\t\t\t\t<\/div>\n\t\t\t\t\t\t\t<div class=\"row\">\n\t\t\t\t\t\t\t\t\t\t<\/div>\n\t\t\t<\/div>\n\n\t\t\t<\/div><\/div><\/div><\/div><div id=\"pg-4680-5\"  class=\"panel-grid panel-has-style\" ><div class=\"siteorigin-panels-stretch panel-row-style panel-row-style-for-4680-5\" data-stretch-type=\"full\" ><div id=\"pgc-4680-5-0\"  class=\"panel-grid-cell\" ><div id=\"panel-4680-5-0-0\" class=\"so-panel widget widget_qt_cta_banner widget-cta-banner panel-first-child panel-last-child\" data-index=\"7\" >\n\t\t\t<div class=\"cta-banner cta-inline\">\n\t\t\t\t<div class=\"cta-banner-text\">\n\t\t\t\t\t<div class=\"cta-banner-title\" style=\"color: #ffffff;\">Aproveche nuestras ofertas exclusivas<\/div>\n\t\t\t\t\t\t\t\t\t<\/div>\n\t\t\t\t<div class=\"cta-banner-buttons\">\n\t\t\t\t\t<a href=\"https:\/\/ecoyambiente.com\/tienda\/?page_id=5581\" class=\"btn btn-outline\" target=\"_self\">Vistar Tienda<\/a>\t\t\t\t<\/div>\n\t\t\t\t<div class=\"clearfix\"><\/div>\n\t\t\t<\/div>\n\n\t\t\t<\/div><\/div><\/div><\/div><\/div>","protected":false},"excerpt":{"rendered":"<p>Beneficios de nuestros insecticidas ecol\u00f3gicos Insecticida en el Hogar Puede usarse dentro de la casa, en la cocina, ba\u00f1os, entretechos, alfombras, etc Insecticida en Jardines y Huertas Puede usarse en plantas, flores, c\u00e9sped, frutales y en la huerta familiar Insecticida para Producci\u00f3n Frutihorticola Por el exclusivo modo de acci\u00f3n de las diatomeas, se obtiene la [&hellip;]<\/p>\n","protected":false},"author":1,"featured_media":0,"parent":0,"menu_order":0,"comment_status":"open","ping_status":"closed","template":"template-front-fullslider.php","meta":{"footnotes":""},"class_list":["post-4680","page","type-page","status-publish","hentry"],"acf":[],"_links":{"self":[{"href":"https:\/\/ecoyambiente.com\/index.php?rest_route=\/wp\/v2\/pages\/4680","targetHints":{"allow":["GET"]}}],"collection":[{"href":"https:\/\/ecoyambiente.com\/index.php?rest_route=\/wp\/v2\/pages"}],"about":[{"href":"https:\/\/ecoyambiente.com\/index.php?rest_route=\/wp\/v2\/types\/page"}],"author":[{"embeddable":true,"href":"https:\/\/ecoyambiente.com\/index.php?rest_route=\/wp\/v2\/users\/1"}],"replies":[{"embeddable":true,"href":"https:\/\/ecoyambiente.com\/index.php?rest_route=%2Fwp%2Fv2%2Fcomments&post=4680"}],"version-history":[{"count":75,"href":"https:\/\/ecoyambiente.com\/index.php?rest_route=\/wp\/v2\/pages\/4680\/revisions"}],"predecessor-version":[{"id":8032,"href":"https:\/\/ecoyambiente.com\/index.php?rest_route=\/wp\/v2\/pages\/4680\/revisions\/8032"}],"wp:attachment":[{"href":"https:\/\/ecoyambiente.com\/index.php?rest_route=%2Fwp%2Fv2%2Fmedia&parent=4680"}],"curies":[{"name":"wp","href":"https:\/\/api.w.org\/{rel}","templated":true}]}}